{"id":2589,"date":"2025-03-13T17:18:02","date_gmt":"2025-03-13T16:18:02","guid":{"rendered":"https:\/\/net4food.eu\/proyecto-net4food\/"},"modified":"2025-03-20T12:03:58","modified_gmt":"2025-03-20T11:03:58","slug":"projeto-net4food","status":"publish","type":"page","link":"https:\/\/net4food.eu\/pt-pt\/projeto-net4food\/","title":{"rendered":"Projeto Net4Food"},"content":{"rendered":"\t\t<div data-elementor-type=\"wp-page\" data-elementor-id=\"2589\" class=\"elementor elementor-2589 elementor-2296\" data-elementor-post-type=\"page\">\n\t\t\t\t<div class=\"elementor-element elementor-element-446a6e7 e-con-full e-flex e-con e-parent\" data-id=\"446a6e7\" data-element_type=\"container\" data-e-type=\"container\" data-settings=\"{&quot;background_background&quot;:&quot;classic&quot;,&quot;_ha_eqh_enable&quot;:false,&quot;_ob_glider_is_slider&quot;:&quot;no&quot;,&quot;_ob_column_has_pseudo&quot;:&quot;no&quot;}\">\n\t\t\t\t<\/div>\n\t\t<div class=\"elementor-element elementor-element-0257453 e-flex e-con-boxed e-con e-parent\" data-id=\"0257453\" data-element_type=\"container\" data-e-type=\"container\" data-settings=\"{&quot;background_background&quot;:&quot;classic&quot;,&quot;_ha_eqh_enable&quot;:false,&quot;_ob_glider_is_slider&quot;:&quot;no&quot;,&quot;_ob_column_has_pseudo&quot;:&quot;no&quot;}\">\n\t\t\t\t\t<div class=\"e-con-inner\">\n\t\t<div class=\"elementor-element elementor-element-93743fa e-con-full e-flex e-con e-child\" data-id=\"93743fa\" data-element_type=\"container\" data-e-type=\"container\" data-settings=\"{&quot;_ha_eqh_enable&quot;:false,&quot;_ob_glider_is_slider&quot;:&quot;no&quot;,&quot;_ob_column_has_pseudo&quot;:&quot;no&quot;}\">\n\t\t<div class=\"elementor-element elementor-element-bf2fbd4 e-con-full e-flex e-con e-child\" data-id=\"bf2fbd4\" data-element_type=\"container\" data-e-type=\"container\" data-settings=\"{&quot;_ha_eqh_enable&quot;:false,&quot;_ob_glider_is_slider&quot;:&quot;no&quot;,&quot;_ob_column_has_pseudo&quot;:&quot;no&quot;}\">\n\t\t\t\t<div class=\"elementor-element elementor-element-14247d0 elementor-invisible ob-has-background-overlay elementor-widget elementor-widget-heading\" data-id=\"14247d0\" data-element_type=\"widget\" data-e-type=\"widget\" data-settings=\"{&quot;_animation&quot;:&quot;fadeInLeft&quot;,&quot;_ob_poopart_use&quot;:&quot;yes&quot;}\" data-widget_type=\"heading.default\">\n\t\t\t\t\t<h1 class=\"elementor-heading-title elementor-size-default\">Projeto Net4Food<\/h1>\t\t\t\t<\/div>\n\t\t\t\t<div class=\"elementor-element elementor-element-0e887b2 elementor-invisible ob-has-background-overlay elementor-widget elementor-widget-text-editor\" data-id=\"0e887b2\" data-element_type=\"widget\" data-e-type=\"widget\" data-settings=\"{&quot;_animation&quot;:&quot;fadeInLeft&quot;,&quot;_ob_poopart_use&quot;:&quot;yes&quot;}\" data-widget_type=\"text-editor.default\">\n\t\t\t\t\t\t\t\t\t<p>O projeto\u00a0<strong>Net4Food\u00a0<\/strong>\u2013 Rede de Investiga\u00e7\u00e3o e Inova\u00e7\u00e3o para o Setor Alimentar \u2013 prev\u00ea a cria\u00e7\u00e3o de uma rede de excel\u00eancia no ecossistema alimentar da<strong>\u00a0Eurorregi\u00e3o Galiza-Norte de Portugal,<\/strong>\u00a0favorecendo o surgimento e a implementa\u00e7\u00e3o de novas solu\u00e7\u00f5es inovadoras, valorizando os recursos end\u00f3genos da Eurorregi\u00e3o e promovendo uma alimenta\u00e7\u00e3o sustent\u00e1vel, segura e saud\u00e1vel.<\/p><p>Espera-se que esta estrutura de coopera\u00e7\u00e3o estabele\u00e7a as bases do futuro\u00a0<strong>Iberian FoodTec Lab,<\/strong>\u00a0cujo\u00a0<strong>Memorando de Entendimento<\/strong>\u00a0teve lugar no dia 4 de novembro na\u00a0<strong>XXXIII Cimeira Luso-Espanhola.<\/strong>\u00a0O projeto espera contribuir para os seguintes resultados<\/p>\t\t\t\t\t\t\t\t<\/div>\n\t\t\t\t<\/div>\n\t\t\t\t<\/div>\n\t\t<div class=\"elementor-element elementor-element-ebbdb50 e-con-full e-flex e-con e-child\" data-id=\"ebbdb50\" data-element_type=\"container\" data-e-type=\"container\" data-settings=\"{&quot;background_background&quot;:&quot;classic&quot;,&quot;_ha_eqh_enable&quot;:&quot;yes&quot;,&quot;_ha_eqh_widget&quot;:[&quot;ha-infobox&quot;],&quot;_ha_eqh_to&quot;:&quot;widget&quot;,&quot;_ha_eqh_disable_on_tablet&quot;:&quot;no&quot;,&quot;_ha_eqh_disable_on_mobile&quot;:&quot;yes&quot;,&quot;_ob_glider_is_slider&quot;:&quot;no&quot;,&quot;_ob_column_has_pseudo&quot;:&quot;no&quot;}\">\n\t\t\t\t<div class=\"elementor-element elementor-element-29e61e7 elementor-widget__width-inherit ha-infobox-media-dir-top elementor-invisible ob-has-background-overlay elementor-widget elementor-widget-ha-infobox happy-addon ha-infobox\" data-id=\"29e61e7\" data-element_type=\"widget\" data-e-type=\"widget\" data-settings=\"{&quot;_animation&quot;:&quot;fadeInDown&quot;,&quot;_ob_poopart_use&quot;:&quot;yes&quot;}\" data-widget_type=\"ha-infobox.default\">\n\t\t\t\t\t\n\t\t\t\t\t<figure class=\"ha-infobox-figure ha-infobox-figure--icon\">\n\t\t\t\t<svg xmlns=\"http:\/\/www.w3.org\/2000\/svg\" xmlns:xlink=\"http:\/\/www.w3.org\/1999\/xlink\" id=\"Layer_1\" x=\"0px\" y=\"0px\" viewBox=\"0 0 18 20\" style=\"enable-background:new 0 0 18 20;\" xml:space=\"preserve\"><style type=\"text\/css\">\t.st0{fill:none;}\t.st1{fill:#258DC1;}<\/style><path class=\"st0\" d=\"M-3-1h24v24H-3V-1z\"><\/path><path class=\"st1\" d=\"M13.5,10.1L12.5,9l-4.9,4.9l-2.1-2.1l-1.1,1.1L7.6,16C7.6,16,13.5,10.1,13.5,10.1z M16,2h-1V0h-2v2H5V0H3v2H2 C0.9,2,0,2.9,0,4l0,14c0,1.1,0.9,2,2,2h14c1.1,0,2-0.9,2-2V4C18,2.9,17.1,2,16,2z M16,18H2V7h14V18z\"><\/path><\/svg>\t\t\t<\/figure>\n\t\t\n\t\t<div class=\"ha-infobox-body\">\n\t\t\t\n\t\t\t\t\t\t\t<div class=\"ha-infobox-text\">\n\t\t\t\t\t<p>Cria\u00e7\u00e3o de uma estrutura pr\u00e9via ao <strong>Iberian FoodTec Lab,<\/strong> desenvolvendo uma agenda de a\u00e7\u00f5es que acabar\u00e1 por ser capitalizada pelo IFL, lan\u00e7ando as bases para o seu futuro funcionamento.<\/p>\n\t\t\t\t<\/div>\n\t\t\t\n\t\t\t\t\t<\/div>\n\t\t\t\t\t\t<\/div>\n\t\t\t\t<div class=\"elementor-element elementor-element-b6350ae elementor-widget__width-inherit ha-infobox-media-dir-top elementor-invisible ob-has-background-overlay elementor-widget elementor-widget-ha-infobox happy-addon ha-infobox\" data-id=\"b6350ae\" data-element_type=\"widget\" data-e-type=\"widget\" data-settings=\"{&quot;_animation&quot;:&quot;fadeInUp&quot;,&quot;_ob_poopart_use&quot;:&quot;yes&quot;}\" data-widget_type=\"ha-infobox.default\">\n\t\t\t\t\t\n\t\t\t\t\t<figure class=\"ha-infobox-figure ha-infobox-figure--icon\">\n\t\t\t\t<svg xmlns=\"http:\/\/www.w3.org\/2000\/svg\" xmlns:xlink=\"http:\/\/www.w3.org\/1999\/xlink\" id=\"Layer_1\" x=\"0px\" y=\"0px\" viewBox=\"0 0 22 16\" style=\"enable-background:new 0 0 22 16;\" xml:space=\"preserve\"><style type=\"text\/css\">\t.st0{fill:none;}\t.st1{fill:#258DC1;}<\/style><g>\t<rect x=\"-1\" y=\"-4\" class=\"st0\" width=\"24\" height=\"24\"><\/rect><\/g><g>\t<g>\t\t<path class=\"st1\" d=\"M5.3,9c1,0,1.8,0.5,2.5,1.3c0.7,1,1.9,1.6,3.2,1.6s2.5-0.6,3.2-1.7C14.8,9.5,15.7,9,16.7,9   C16,7.8,13.1,7,11,7C8.9,7,6,7.8,5.3,9z\"><\/path>\t\t<path class=\"st1\" d=\"M3,9L3,9c1.7,0,3-1.3,3-3S4.7,3,3,3S0,4.3,0,6S1.3,9,3,9z\"><\/path>\t\t<path class=\"st1\" d=\"M19,9L19,9c1.7,0,3-1.3,3-3s-1.3-3-3-3s-3,1.3-3,3S17.3,9,19,9z\"><\/path>\t\t<path class=\"st1\" d=\"M11,6c1.7,0,3-1.3,3-3s-1.3-3-3-3S8,1.3,8,3S9.3,6,11,6z\"><\/path>\t\t<path class=\"st1\" d=\"M20,10h-3.3c-0.8,0-1.4,0.4-1.7,0.9c0,0.1-1.4,2.1-4,2.1c-1.4,0-3-0.6-4.1-2.1c-0.4-0.6-1-0.9-1.7-0.9H2   c-1.1,0-2,0.9-2,2v4h7v-2.3c1.1,0.8,2.5,1.3,4,1.3s2.9-0.5,4-1.3V16h7v-4C22,10.9,21.1,10,20,10z\"><\/path>\t<\/g><\/g><\/svg>\t\t\t<\/figure>\n\t\t\n\t\t<div class=\"ha-infobox-body\">\n\t\t\t\n\t\t\t\t\t\t\t<div class=\"ha-infobox-text\">\n\t\t\t\t\t<p>Desenvolvimento tecnol\u00f3gico empresarial atrav\u00e9s de uma figura totalmente disruptiva, a <strong>Open Innofood<\/strong>, que incluir\u00e1 o apoio direto a 12 empresas como suporte para o teste e a cria\u00e7\u00e3o de novas solu\u00e7\u00f5es.<\/p>\n\t\t\t\t<\/div>\n\t\t\t\n\t\t\t\t\t<\/div>\n\t\t\t\t\t\t<\/div>\n\t\t\t\t<div class=\"elementor-element elementor-element-af08fa6 elementor-widget__width-inherit ha-infobox-media-dir-top elementor-invisible ob-has-background-overlay elementor-widget elementor-widget-ha-infobox happy-addon ha-infobox\" data-id=\"af08fa6\" data-element_type=\"widget\" data-e-type=\"widget\" data-settings=\"{&quot;_animation&quot;:&quot;fadeInDown&quot;,&quot;_ob_poopart_use&quot;:&quot;yes&quot;}\" data-widget_type=\"ha-infobox.default\">\n\t\t\t\t\t\n\t\t\t\t\t<figure class=\"ha-infobox-figure ha-infobox-figure--icon\">\n\t\t\t\t<svg xmlns=\"http:\/\/www.w3.org\/2000\/svg\" xmlns:xlink=\"http:\/\/www.w3.org\/1999\/xlink\" id=\"Layer_1\" x=\"0px\" y=\"0px\" viewBox=\"0 0 16 18\" style=\"enable-background:new 0 0 16 18;\" xml:space=\"preserve\"><style type=\"text\/css\">\t.st0{fill:none;}\t.st1{fill:#258DC1;}<\/style><g>\t<rect x=\"-4\" y=\"-3\" class=\"st0\" width=\"24\" height=\"24\"><\/rect><\/g><g>\t<g>\t\t<path class=\"st1\" d=\"M9,5.6C8.2,5.6,7.6,6.2,7.6,7S8.2,8.4,9,8.4s1.4-0.6,1.4-1.4S9.8,5.6,9,5.6z\"><\/path>\t\t<path class=\"st1\" d=\"M9,0C5.3,0,2.2,2.9,2,6.6L0.1,9.2c-0.2,0.3,0,0.8,0.4,0.8H2v3c0,1.1,0.9,2,2,2h1v3h7v-4.7   c2.4-1.1,4-3.5,4-6.3C16,3.1,12.9,0,9,0z M12,7c0,0.1,0,0.3,0,0.4l0.8,0.7c0.1,0.1,0.1,0.2,0,0.2l-0.8,1.4c0,0.1-0.2,0.1-0.2,0.1   l-1-0.4c-0.2,0.2-0.4,0.3-0.7,0.4L10,10.8c0,0.1-0.1,0.2-0.2,0.2H8.2C8.1,11,8,10.9,8,10.8L7.9,9.8C7.6,9.7,7.4,9.5,7.2,9.4   l-1,0.4c-0.1,0-0.2,0-0.2-0.1L5.1,8.3C5.1,8.2,5.1,8.1,5.2,8L6,7.4C6,7.3,6,7.1,6,7s0-0.3,0-0.4L5.2,5.9C5.1,5.9,5.1,5.8,5.1,5.7   l0.8-1.4C6,4.2,6.1,4.2,6.2,4.2l1,0.4c0.2-0.2,0.4-0.3,0.7-0.4L8,3.2C8,3.1,8.1,3,8.2,3h1.6C9.9,3,10,3.1,10,3.2l0.1,1.1   c0.2,0.1,0.5,0.2,0.7,0.4l1-0.4c0.1,0,0.2,0,0.2,0.1l0.8,1.4c0,0.1,0,0.2,0,0.3L12,6.6C12,6.7,12,6.9,12,7z\"><\/path>\t<\/g><\/g><\/svg>\t\t\t<\/figure>\n\t\t\n\t\t<div class=\"ha-infobox-body\">\n\t\t\t\n\t\t\t\t\t\t\t<div class=\"ha-infobox-text\">\n\t\t\t\t\t<p>Melhoria das compet\u00eancias inovadoras dos grupos de investiga\u00e7\u00e3o, participando em programas de mobilidade e implementando forma\u00e7\u00f5es espec\u00edficas, incluindo o <strong>I Congresso Interfood<\/strong>.<\/p>\n\t\t\t\t<\/div>\n\t\t\t\n\t\t\t\t\t<\/div>\n\t\t\t\t\t\t<\/div>\n\t\t\t\t<\/div>\n\t\t\t\t\t<\/div>\n\t\t\t\t<\/div>\n\t\t<div class=\"elementor-element elementor-element-055ed89 e-con-full e-flex e-con e-parent\" data-id=\"055ed89\" data-element_type=\"container\" data-e-type=\"container\" data-settings=\"{&quot;background_background&quot;:&quot;classic&quot;,&quot;_ha_eqh_enable&quot;:false,&quot;_ob_glider_is_slider&quot;:&quot;no&quot;,&quot;_ob_column_has_pseudo&quot;:&quot;no&quot;}\">\n\t\t\t\t<div class=\"elementor-element elementor-element-bf42e41 elementor-widget__width-inherit ob-has-background-overlay elementor-widget elementor-widget-spacer\" data-id=\"bf42e41\" data-element_type=\"widget\" data-e-type=\"widget\" data-settings=\"{&quot;_ob_poopart_use&quot;:&quot;yes&quot;}\" data-widget_type=\"spacer.default\">\n\t\t\t\t\t\t\t<div class=\"elementor-spacer\">\n\t\t\t<div class=\"elementor-spacer-inner\"><\/div>\n\t\t<\/div>\n\t\t\t\t\t\t<\/div>\n\t\t\t\t<\/div>\n\t\t<div class=\"elementor-element elementor-element-a10f692 e-flex e-con-boxed e-con e-parent\" data-id=\"a10f692\" data-element_type=\"container\" data-e-type=\"container\" data-settings=\"{&quot;_ha_eqh_enable&quot;:false,&quot;_ob_glider_is_slider&quot;:&quot;no&quot;,&quot;_ob_column_has_pseudo&quot;:&quot;no&quot;}\">\n\t\t\t\t\t<div class=\"e-con-inner\">\n\t\t\t\t<div class=\"elementor-element elementor-element-adcb7d7 elementor-invisible ob-has-background-overlay elementor-widget elementor-widget-heading\" data-id=\"adcb7d7\" data-element_type=\"widget\" data-e-type=\"widget\" data-settings=\"{&quot;_animation&quot;:&quot;fadeInDown&quot;,&quot;_ob_poopart_use&quot;:&quot;yes&quot;}\" data-widget_type=\"heading.default\">\n\t\t\t\t\t<h2 class=\"elementor-heading-title elementor-size-default\">Uma iniciativa pioneira\n<\/h2>\t\t\t\t<\/div>\n\t\t\t\t<div class=\"elementor-element elementor-element-c3a9ba8 elementor-invisible ob-has-background-overlay elementor-widget elementor-widget-heading\" data-id=\"c3a9ba8\" data-element_type=\"widget\" data-e-type=\"widget\" data-settings=\"{&quot;_animation&quot;:&quot;fadeInUp&quot;,&quot;_ob_poopart_use&quot;:&quot;yes&quot;}\" data-widget_type=\"heading.default\">\n\t\t\t\t\t<h2 class=\"elementor-heading-title elementor-size-default\">para um sistema pioneiro<\/h2>\t\t\t\t<\/div>\n\t\t<div class=\"elementor-element elementor-element-86c1408 e-con-full e-flex e-con e-child\" data-id=\"86c1408\" data-element_type=\"container\" data-e-type=\"container\" data-settings=\"{&quot;background_background&quot;:&quot;classic&quot;,&quot;_ha_eqh_enable&quot;:&quot;yes&quot;,&quot;_ha_eqh_widget&quot;:[&quot;ha-infobox&quot;],&quot;_ha_eqh_to&quot;:&quot;widget&quot;,&quot;_ha_eqh_disable_on_tablet&quot;:&quot;no&quot;,&quot;_ha_eqh_disable_on_mobile&quot;:&quot;yes&quot;,&quot;_ob_glider_is_slider&quot;:&quot;no&quot;,&quot;_ob_column_has_pseudo&quot;:&quot;no&quot;}\">\n\t\t\t\t<div class=\"elementor-element elementor-element-3182623 elementor-widget__width-inherit ha-infobox-media-dir-top elementor-invisible ob-has-background-overlay elementor-widget elementor-widget-ha-infobox happy-addon ha-infobox\" data-id=\"3182623\" data-element_type=\"widget\" data-e-type=\"widget\" data-settings=\"{&quot;_animation&quot;:&quot;fadeInUp&quot;,&quot;_ob_poopart_use&quot;:&quot;yes&quot;}\" data-widget_type=\"ha-infobox.default\">\n\t\t\t\t\t\n\t\t\t\t\t<figure class=\"ha-infobox-figure ha-infobox-figure--icon\">\n\t\t\t\t<svg xmlns=\"http:\/\/www.w3.org\/2000\/svg\" xmlns:xlink=\"http:\/\/www.w3.org\/1999\/xlink\" id=\"Layer_1\" x=\"0px\" y=\"0px\" viewBox=\"0 0 19.5 19.5\" style=\"enable-background:new 0 0 19.5 19.5;\" xml:space=\"preserve\"><style type=\"text\/css\">\t.st0{fill:none;}\t.st1{fill:#258DC1;}<\/style><g>\t<rect x=\"-2\" y=\"-2.5\" class=\"st0\" width=\"24\" height=\"24\"><\/rect><\/g><g>\t<g>\t\t<path class=\"st1\" d=\"M7.2,3.9c-2,2.3-3.4,5.6-3.6,5.9L0,8.2l4.1-4.1c0.5-0.5,1.2-0.7,1.8-0.6L7.2,3.9L7.2,3.9z M9.2,14.5   c0,0,3.7-1.6,5.9-3.7c5.4-5.4,4.5-9.6,4.2-10.6c-1-0.3-5.2-1.2-10.6,4.2C6.6,6.6,5,10.3,5,10.3L9.2,14.5z M15.6,12.3   c-2.3,2-5.6,3.4-5.9,3.6l1.6,3.6l4.1-4c0.5-0.5,0.7-1.1,0.5-1.8L15.6,12.3L15.6,12.3z M7,15.5c0,0.8-0.3,1.6-0.9,2.1   C4.9,18.8,0,19.5,0,19.5s0.7-4.9,1.9-6.1c0.5-0.5,1.3-0.9,2.1-0.9C5.7,12.5,7,13.9,7,15.5z M11,6.5c0-1.1,0.9-2,2-2s2,0.9,2,2   s-0.9,2-2,2S11,7.6,11,6.5z\"><\/path>\t<\/g><\/g><\/svg>\t\t\t<\/figure>\n\t\t\n\t\t<div class=\"ha-infobox-body\">\n\t\t\t\n\t\t\t\t\t\t\t<div class=\"ha-infobox-text\">\n\t\t\t\t\t<p>Promover as <strong>compet\u00eancias<\/strong> <strong>cient\u00edficas<\/strong> e <strong>inovadoras<\/strong> do territ\u00f3rio, fomentando o surgimento de novas iniciativas.<\/p>\n\t\t\t\t<\/div>\n\t\t\t\n\t\t\t\t\t<\/div>\n\t\t\t\t\t\t<\/div>\n\t\t\t\t<div class=\"elementor-element elementor-element-a1a2102 elementor-widget__width-inherit ha-infobox-media-dir-top elementor-invisible ob-has-background-overlay elementor-widget elementor-widget-ha-infobox happy-addon ha-infobox\" data-id=\"a1a2102\" data-element_type=\"widget\" data-e-type=\"widget\" data-settings=\"{&quot;_animation&quot;:&quot;fadeInDown&quot;,&quot;_ob_poopart_use&quot;:&quot;yes&quot;}\" data-widget_type=\"ha-infobox.default\">\n\t\t\t\t\t\n\t\t\t\t\t<figure class=\"ha-infobox-figure ha-infobox-figure--icon\">\n\t\t\t\t<svg xmlns=\"http:\/\/www.w3.org\/2000\/svg\" xmlns:xlink=\"http:\/\/www.w3.org\/1999\/xlink\" id=\"Layer_1\" x=\"0px\" y=\"0px\" viewBox=\"0 0 21 17\" style=\"enable-background:new 0 0 21 17;\" xml:space=\"preserve\"><style type=\"text\/css\">\t.st0{fill:none;}\t.st1{fill:#258DC1;}<\/style><g>\t<rect x=\"-1\" y=\"-3\" class=\"st0\" width=\"24\" height=\"24\"><\/rect><\/g><g>\t<g>\t\t<path class=\"st1\" d=\"M2,10c0-2.4,1.8-4.5,4.1-4.9L4.6,6.6L6,8l4-4L6,0L4.6,1.4L6.2,3V3C2.7,3.5,0,6.4,0,10c0,3.9,3.1,7,7,7h3v-2H7   C4.2,15,2,12.8,2,10z\"><\/path>\t\t<path class=\"st1\" d=\"M12,10v7h9v-7H12z M19,15h-5v-3h5V15z\"><\/path>\t\t<rect x=\"12\" y=\"1\" class=\"st1\" width=\"9\" height=\"7\"><\/rect>\t<\/g><\/g><\/svg>\t\t\t<\/figure>\n\t\t\n\t\t<div class=\"ha-infobox-body\">\n\t\t\t\n\t\t\t\t\t\t\t<div class=\"ha-infobox-text\">\n\t\t\t\t\t<p>Possibilitar canais permanentes que facilitem o surgimento de novos processos de <strong>transfer\u00eancia<\/strong> e o <strong>alinhamento<\/strong> dos agentes do ecossistema com as novas agendas e estrat\u00e9gias internacionais.<\/p>\n\t\t\t\t<\/div>\n\t\t\t\n\t\t\t\t\t<\/div>\n\t\t\t\t\t\t<\/div>\n\t\t\t\t<div class=\"elementor-element elementor-element-9a540a1 elementor-widget__width-inherit ha-infobox-media-dir-top elementor-invisible ob-has-background-overlay elementor-widget elementor-widget-ha-infobox happy-addon ha-infobox\" data-id=\"9a540a1\" data-element_type=\"widget\" data-e-type=\"widget\" data-settings=\"{&quot;_animation&quot;:&quot;fadeInDown&quot;,&quot;_ob_poopart_use&quot;:&quot;yes&quot;}\" data-widget_type=\"ha-infobox.default\">\n\t\t\t\t\t\n\t\t\t\t\t<figure class=\"ha-infobox-figure ha-infobox-figure--icon\">\n\t\t\t\t<svg xmlns=\"http:\/\/www.w3.org\/2000\/svg\" xmlns:xlink=\"http:\/\/www.w3.org\/1999\/xlink\" id=\"Layer_1\" x=\"0px\" y=\"0px\" viewBox=\"0 0 14 19\" style=\"enable-background:new 0 0 14 19;\" xml:space=\"preserve\"><style type=\"text\/css\">\t.st0{fill:none;}\t.st1{fill:#258DC1;}<\/style><g>\t<rect x=\"-5\" y=\"-2\" class=\"st0\" width=\"24\" height=\"24\"><\/rect><\/g><g>\t<g>\t\t<path class=\"st1\" d=\"M2,17c-1.1,0-2,0.9-2,2h14c0-1.1-0.9-2-2-2H8v-2h3c1.1,0,2-0.9,2-2H5c-1.7,0-3-1.3-3-3c0-1.1,0.6-2,1.5-2.6   C3.2,7,3,6.5,3,6c0-0.2,0-0.4,0.1-0.6C1.3,6.1,0,7.9,0,10c0,2.8,2.2,5,5,5v2H2z\"><\/path>\t\t<path class=\"st1\" d=\"M5.6,3.5C6.9,3.5,8,4.6,8,6c0,0.8-0.3,1.4-0.9,1.9l0.6,1.6l0.9-0.3L9,10.1l1.9-0.7l-0.3-0.9l0.9-0.3L8.8,0.6   L7.8,0.9L7.5,0L5.6,0.7l0.3,0.9L5,2L5.6,3.5z\"><\/path>\t\t<circle class=\"st1\" cx=\"5.5\" cy=\"6\" r=\"1.5\"><\/circle>\t<\/g><\/g><\/svg>\t\t\t<\/figure>\n\t\t\n\t\t<div class=\"ha-infobox-body\">\n\t\t\t\n\t\t\t\t\t\t\t<div class=\"ha-infobox-text\">\n\t\t\t\t\t<p>Lan\u00e7ar as bases do futuro <strong>Iberian FoodTec Lab,&nbsp;<\/strong>promovendo o desenvolvimento do ecossistema alimentar.<\/p>\n\t\t\t\t<\/div>\n\t\t\t\n\t\t\t\t\t<\/div>\n\t\t\t\t\t\t<\/div>\n\t\t\t\t<\/div>\n\t\t\t\t\t<\/div>\n\t\t\t\t<\/div>\n\t\t<div class=\"elementor-element elementor-element-e79358d e-con-full e-flex e-con e-parent\" data-id=\"e79358d\" data-element_type=\"container\" data-e-type=\"container\" data-settings=\"{&quot;background_background&quot;:&quot;classic&quot;,&quot;_ha_eqh_enable&quot;:false,&quot;_ob_glider_is_slider&quot;:&quot;no&quot;,&quot;_ob_column_has_pseudo&quot;:&quot;no&quot;}\">\n\t\t\t\t<div class=\"elementor-element elementor-element-7f05c67 elementor-widget__width-inherit ob-has-background-overlay elementor-widget elementor-widget-spacer\" data-id=\"7f05c67\" data-element_type=\"widget\" data-e-type=\"widget\" data-settings=\"{&quot;_ob_poopart_use&quot;:&quot;yes&quot;}\" data-widget_type=\"spacer.default\">\n\t\t\t\t\t\t\t<div class=\"elementor-spacer\">\n\t\t\t<div class=\"elementor-spacer-inner\"><\/div>\n\t\t<\/div>\n\t\t\t\t\t\t<\/div>\n\t\t\t\t<\/div>\n\t\t\t\t<\/div>\n\t\t","protected":false},"excerpt":{"rendered":"<p>Projeto Net4Food O projeto\u00a0Net4Food\u00a0\u2013 Rede de Investiga\u00e7\u00e3o e Inova\u00e7\u00e3o para o Setor Alimentar \u2013 prev\u00ea a cria\u00e7\u00e3o de uma rede de excel\u00eancia no ecossistema alimentar da\u00a0Eurorregi\u00e3o Galiza-Norte de Portugal,\u00a0favorecendo o surgimento e a implementa\u00e7\u00e3o de novas solu\u00e7\u00f5es inovadoras, valorizando os recursos end\u00f3genos da Eurorregi\u00e3o e promovendo uma alimenta\u00e7\u00e3o sustent\u00e1vel, segura e saud\u00e1vel. Espera-se que esta [&hellip;]<\/p>\n","protected":false},"author":3,"featured_media":0,"parent":0,"menu_order":0,"comment_status":"closed","ping_status":"closed","template":"","meta":{"inline_featured_image":false,"footnotes":""},"class_list":["post-2589","page","type-page","status-publish","hentry"],"_links":{"self":[{"href":"https:\/\/net4food.eu\/pt-pt\/wp-json\/wp\/v2\/pages\/2589","targetHints":{"allow":["GET"]}}],"collection":[{"href":"https:\/\/net4food.eu\/pt-pt\/wp-json\/wp\/v2\/pages"}],"about":[{"href":"https:\/\/net4food.eu\/pt-pt\/wp-json\/wp\/v2\/types\/page"}],"author":[{"embeddable":true,"href":"https:\/\/net4food.eu\/pt-pt\/wp-json\/wp\/v2\/users\/3"}],"replies":[{"embeddable":true,"href":"https:\/\/net4food.eu\/pt-pt\/wp-json\/wp\/v2\/comments?post=2589"}],"version-history":[{"count":0,"href":"https:\/\/net4food.eu\/pt-pt\/wp-json\/wp\/v2\/pages\/2589\/revisions"}],"wp:attachment":[{"href":"https:\/\/net4food.eu\/pt-pt\/wp-json\/wp\/v2\/media?parent=2589"}],"curies":[{"name":"wp","href":"https:\/\/api.w.org\/{rel}","templated":true}]}}