{"id":2604,"date":"2025-03-13T12:48:50","date_gmt":"2025-03-13T11:48:50","guid":{"rendered":"https:\/\/net4food.eu\/documentacion\/"},"modified":"2025-03-20T11:53:59","modified_gmt":"2025-03-20T10:53:59","slug":"documentacao","status":"publish","type":"page","link":"https:\/\/net4food.eu\/pt-pt\/documentacao\/","title":{"rendered":"Documenta\u00e7\u00e3o"},"content":{"rendered":"\t\t<div data-elementor-type=\"wp-page\" data-elementor-id=\"2604\" class=\"elementor elementor-2604 elementor-2209\" data-elementor-post-type=\"page\">\n\t\t\t\t<div class=\"elementor-element elementor-element-5701a7c e-con-full e-flex e-con e-parent\" data-id=\"5701a7c\" data-element_type=\"container\" data-e-type=\"container\" data-settings=\"{&quot;background_background&quot;:&quot;classic&quot;,&quot;_ha_eqh_enable&quot;:false,&quot;_ob_glider_is_slider&quot;:&quot;no&quot;,&quot;_ob_column_has_pseudo&quot;:&quot;no&quot;}\">\n\t\t<div class=\"elementor-element elementor-element-643f3d1 e-flex e-con-boxed e-con e-child\" data-id=\"643f3d1\" data-element_type=\"container\" data-e-type=\"container\" data-settings=\"{&quot;_ha_eqh_enable&quot;:false,&quot;_ob_glider_is_slider&quot;:&quot;no&quot;}\">\n\t\t\t\t\t<div class=\"e-con-inner\">\n\t\t\t\t<div class=\"elementor-element elementor-element-89307d0 elementor-position-left elementor-vertical-align-top elementor-invisible ob-has-background-overlay elementor-widget elementor-widget-image-box\" data-id=\"89307d0\" data-element_type=\"widget\" data-e-type=\"widget\" data-settings=\"{&quot;_animation&quot;:&quot;fadeInUp&quot;,&quot;_ob_poopart_use&quot;:&quot;yes&quot;}\" data-widget_type=\"image-box.default\">\n\t\t\t\t\t<div class=\"elementor-image-box-wrapper\"><figure class=\"elementor-image-box-img\"><img decoding=\"async\" width=\"208\" height=\"208\" src=\"https:\/\/net4food.eu\/wp-content\/uploads\/2024\/08\/asset-26.svg\" class=\"attachment-full size-full wp-image-79\" alt=\"\" \/><\/figure><div class=\"elementor-image-box-content\"><h3 class=\"elementor-image-box-title\">Documenta\u00e7\u00e3o<\/h3><p class=\"elementor-image-box-description\">Downloads de interesse do projeto<\/p><\/div><\/div>\t\t\t\t<\/div>\n\t\t\t\t\t<\/div>\n\t\t\t\t<\/div>\n\t\t<div class=\"elementor-element elementor-element-46fae85 e-con-full e-flex e-con e-child\" data-id=\"46fae85\" data-element_type=\"container\" data-e-type=\"container\" data-settings=\"{&quot;_ha_eqh_enable&quot;:false,&quot;_ob_glider_is_slider&quot;:&quot;no&quot;,&quot;_ob_column_has_pseudo&quot;:&quot;no&quot;}\">\n\t\t\t\t<div class=\"elementor-element elementor-element-c6f409f elementor-widget__width-inherit ob-has-background-overlay elementor-widget elementor-widget-spacer\" data-id=\"c6f409f\" data-element_type=\"widget\" data-e-type=\"widget\" data-settings=\"{&quot;_ob_poopart_use&quot;:&quot;yes&quot;}\" data-widget_type=\"spacer.default\">\n\t\t\t\t\t\t\t<div class=\"elementor-spacer\">\n\t\t\t<div class=\"elementor-spacer-inner\"><\/div>\n\t\t<\/div>\n\t\t\t\t\t\t<\/div>\n\t\t\t\t<\/div>\n\t\t\t\t<\/div>\n\t\t<div class=\"elementor-element elementor-element-1221b63 e-flex e-con-boxed e-con e-parent\" data-id=\"1221b63\" data-element_type=\"container\" data-e-type=\"container\" data-settings=\"{&quot;background_background&quot;:&quot;classic&quot;,&quot;_ha_eqh_enable&quot;:&quot;yes&quot;,&quot;_ha_eqh_widget&quot;:[&quot;ha-infobox&quot;],&quot;_ha_eqh_to&quot;:&quot;widget&quot;,&quot;_ha_eqh_disable_on_tablet&quot;:&quot;no&quot;,&quot;_ha_eqh_disable_on_mobile&quot;:&quot;yes&quot;,&quot;_ob_glider_is_slider&quot;:&quot;no&quot;,&quot;_ob_column_has_pseudo&quot;:&quot;no&quot;}\">\n\t\t\t\t\t<div class=\"e-con-inner\">\n\t\t\t\t<div class=\"elementor-element elementor-element-f1b6cdf ha-infobox-media-dir-left elementor-widget__width-inherit ob-has-background-overlay elementor-widget elementor-widget-ha-infobox happy-addon ha-infobox\" data-id=\"f1b6cdf\" data-element_type=\"widget\" data-e-type=\"widget\" data-settings=\"{&quot;_animation&quot;:&quot;none&quot;,&quot;_ob_poopart_use&quot;:&quot;yes&quot;}\" data-widget_type=\"ha-infobox.default\">\n\t\t\t\t\t\n\t\t\t\t\t<figure class=\"ha-infobox-figure ha-infobox-figure--image\">\n\t\t\t\t<img fetchpriority=\"high\" decoding=\"async\" width=\"1537\" height=\"1920\" src=\"https:\/\/net4food.eu\/wp-content\/uploads\/2025\/03\/1_def.jpg\" class=\"elementor-animation-disable-animation attachment-full size-full wp-image-2216\" alt=\"\" srcset=\"https:\/\/net4food.eu\/wp-content\/uploads\/2025\/03\/1_def.jpg 1537w, https:\/\/net4food.eu\/wp-content\/uploads\/2025\/03\/1_def-240x300.jpg 240w, https:\/\/net4food.eu\/wp-content\/uploads\/2025\/03\/1_def-820x1024.jpg 820w, https:\/\/net4food.eu\/wp-content\/uploads\/2025\/03\/1_def-768x959.jpg 768w, https:\/\/net4food.eu\/wp-content\/uploads\/2025\/03\/1_def-1230x1536.jpg 1230w\" sizes=\"(max-width: 1537px) 100vw, 1537px\" \/>\t\t\t<\/figure>\n\t\t\n\t\t<div class=\"ha-infobox-body\">\n\t\t\t<h2 class=\"ha-infobox-title\">Vantagens da ades\u00e3o \u00e0 rede Net4Food<\/h2>\n\t\t\t\n\t\t\t<a class=\"ha-btn ha-btn--link\" href=\"\/wp-content\/uploads\/2024\/10\/Vantagens-da-adesao-a-Rede-Net4Food.pdf\" target=\"_blank\"><span class=\"ha-btn-text\">Download<\/span><\/a>\t\t<\/div>\n\t\t\t\t\t\t<\/div>\n\t\t\t\t<div class=\"elementor-element elementor-element-4596592 elementor-widget-divider--view-line ob-has-background-overlay elementor-widget elementor-widget-divider\" data-id=\"4596592\" data-element_type=\"widget\" data-e-type=\"widget\" data-settings=\"{&quot;_ob_poopart_use&quot;:&quot;yes&quot;}\" data-widget_type=\"divider.default\">\n\t\t\t\t\t\t\t<div class=\"elementor-divider\">\n\t\t\t<span class=\"elementor-divider-separator\">\n\t\t\t\t\t\t<\/span>\n\t\t<\/div>\n\t\t\t\t\t\t<\/div>\n\t\t\t\t<div class=\"elementor-element elementor-element-81a8103 ha-infobox-media-dir-left elementor-widget__width-inherit ob-has-background-overlay elementor-widget elementor-widget-ha-infobox happy-addon ha-infobox\" data-id=\"81a8103\" data-element_type=\"widget\" data-e-type=\"widget\" data-settings=\"{&quot;_animation&quot;:&quot;none&quot;,&quot;_ob_poopart_use&quot;:&quot;yes&quot;}\" data-widget_type=\"ha-infobox.default\">\n\t\t\t\t\t\n\t\t\t\t\t<figure class=\"ha-infobox-figure ha-infobox-figure--image\">\n\t\t\t\t<img decoding=\"async\" width=\"1620\" height=\"1080\" src=\"https:\/\/net4food.eu\/wp-content\/uploads\/2025\/03\/actividade-2.jpg\" class=\"elementor-animation-disable-animation attachment-full size-full wp-image-1776\" alt=\"\" srcset=\"https:\/\/net4food.eu\/wp-content\/uploads\/2025\/03\/actividade-2.jpg 1620w, https:\/\/net4food.eu\/wp-content\/uploads\/2025\/03\/actividade-2-300x200.jpg 300w, https:\/\/net4food.eu\/wp-content\/uploads\/2025\/03\/actividade-2-1024x683.jpg 1024w, https:\/\/net4food.eu\/wp-content\/uploads\/2025\/03\/actividade-2-768x512.jpg 768w, https:\/\/net4food.eu\/wp-content\/uploads\/2025\/03\/actividade-2-1536x1024.jpg 1536w\" sizes=\"(max-width: 1620px) 100vw, 1620px\" \/>\t\t\t<\/figure>\n\t\t\n\t\t<div class=\"ha-infobox-body\">\n\t\t\t<h2 class=\"ha-infobox-title\">Apresenta\u00e7\u00e3o do projeto Net4Food<\/h2>\n\t\t\t\t\t\t\t<div class=\"ha-infobox-text\">\n\t\t\t\t\t<p>Apresenta\u00e7\u00e3o do projeto Net4Food por Lillian Barros, do Instituto Polit\u00e9cnico de Bragan\u00e7a\n<\/p>\n\t\t\t\t<\/div>\n\t\t\t\n\t\t\t<a class=\"ha-btn ha-btn--link\" href=\"\/wp-content\/uploads\/2023\/12\/Net4Food_lancamento_v5_opt.pdf\" target=\"_blank\"><span class=\"ha-btn-text\">Download<\/span><\/a>\t\t<\/div>\n\t\t\t\t\t\t<\/div>\n\t\t\t\t\t<\/div>\n\t\t\t\t<\/div>\n\t\t<div class=\"elementor-element elementor-element-6621834 e-con-full e-flex e-con e-parent\" data-id=\"6621834\" data-element_type=\"container\" data-e-type=\"container\" data-settings=\"{&quot;background_background&quot;:&quot;classic&quot;,&quot;_ha_eqh_enable&quot;:false,&quot;_ob_glider_is_slider&quot;:&quot;no&quot;,&quot;_ob_column_has_pseudo&quot;:&quot;no&quot;}\">\n\t\t\t\t<div class=\"elementor-element elementor-element-1762304 elementor-widget__width-inherit ob-has-background-overlay elementor-widget elementor-widget-spacer\" data-id=\"1762304\" data-element_type=\"widget\" data-e-type=\"widget\" data-settings=\"{&quot;_ob_poopart_use&quot;:&quot;yes&quot;}\" data-widget_type=\"spacer.default\">\n\t\t\t\t\t\t\t<div class=\"elementor-spacer\">\n\t\t\t<div class=\"elementor-spacer-inner\"><\/div>\n\t\t<\/div>\n\t\t\t\t\t\t<\/div>\n\t\t\t\t<\/div>\n\t\t\t\t<\/div>\n\t\t","protected":false},"excerpt":{"rendered":"<p>Documenta\u00e7\u00e3o Downloads de interesse do projeto Vantagens da ades\u00e3o \u00e0 rede Net4Food Download Apresenta\u00e7\u00e3o do projeto Net4Food Apresenta\u00e7\u00e3o do projeto Net4Food por Lillian Barros, do Instituto Polit\u00e9cnico de Bragan\u00e7a Download<\/p>\n","protected":false},"author":3,"featured_media":0,"parent":0,"menu_order":0,"comment_status":"closed","ping_status":"closed","template":"","meta":{"inline_featured_image":false,"footnotes":""},"class_list":["post-2604","page","type-page","status-publish","hentry"],"_links":{"self":[{"href":"https:\/\/net4food.eu\/pt-pt\/wp-json\/wp\/v2\/pages\/2604","targetHints":{"allow":["GET"]}}],"collection":[{"href":"https:\/\/net4food.eu\/pt-pt\/wp-json\/wp\/v2\/pages"}],"about":[{"href":"https:\/\/net4food.eu\/pt-pt\/wp-json\/wp\/v2\/types\/page"}],"author":[{"embeddable":true,"href":"https:\/\/net4food.eu\/pt-pt\/wp-json\/wp\/v2\/users\/3"}],"replies":[{"embeddable":true,"href":"https:\/\/net4food.eu\/pt-pt\/wp-json\/wp\/v2\/comments?post=2604"}],"version-history":[{"count":0,"href":"https:\/\/net4food.eu\/pt-pt\/wp-json\/wp\/v2\/pages\/2604\/revisions"}],"wp:attachment":[{"href":"https:\/\/net4food.eu\/pt-pt\/wp-json\/wp\/v2\/media?parent=2604"}],"curies":[{"name":"wp","href":"https:\/\/api.w.org\/{rel}","templated":true}]}}