{"id":2694,"date":"2025-03-20T10:48:35","date_gmt":"2025-03-20T09:48:35","guid":{"rendered":"https:\/\/net4food.eu\/aviso-legal\/"},"modified":"2025-03-20T11:25:51","modified_gmt":"2025-03-20T10:25:51","slug":"aviso-legal","status":"publish","type":"page","link":"https:\/\/net4food.eu\/pt-pt\/aviso-legal\/","title":{"rendered":"Aviso legal"},"content":{"rendered":"\t\t<div data-elementor-type=\"wp-page\" data-elementor-id=\"2694\" class=\"elementor elementor-2694 elementor-2665\" data-elementor-post-type=\"page\">\n\t\t\t\t<div class=\"elementor-element elementor-element-5701a7c e-con-full e-flex e-con e-parent\" data-id=\"5701a7c\" data-element_type=\"container\" data-e-type=\"container\" data-settings=\"{&quot;background_background&quot;:&quot;classic&quot;,&quot;_ha_eqh_enable&quot;:false,&quot;_ob_glider_is_slider&quot;:&quot;no&quot;,&quot;_ob_column_has_pseudo&quot;:&quot;no&quot;}\">\n\t\t<div class=\"elementor-element elementor-element-643f3d1 e-flex e-con-boxed e-con e-child\" data-id=\"643f3d1\" data-element_type=\"container\" data-e-type=\"container\" data-settings=\"{&quot;_ha_eqh_enable&quot;:false,&quot;_ob_glider_is_slider&quot;:&quot;no&quot;}\">\n\t\t\t\t\t<div class=\"e-con-inner\">\n\t\t\t\t<div class=\"elementor-element elementor-element-89307d0 elementor-position-left elementor-vertical-align-top elementor-invisible ob-has-background-overlay elementor-widget elementor-widget-image-box\" data-id=\"89307d0\" data-element_type=\"widget\" data-e-type=\"widget\" data-settings=\"{&quot;_animation&quot;:&quot;fadeInUp&quot;,&quot;_ob_poopart_use&quot;:&quot;yes&quot;}\" data-widget_type=\"image-box.default\">\n\t\t\t\t\t<div class=\"elementor-image-box-wrapper\"><figure class=\"elementor-image-box-img\"><img decoding=\"async\" width=\"208\" height=\"208\" src=\"https:\/\/net4food.eu\/wp-content\/uploads\/2024\/08\/asset-26.svg\" class=\"attachment-full size-full wp-image-79\" alt=\"\" \/><\/figure><div class=\"elementor-image-box-content\"><h3 class=\"elementor-image-box-title\">Aviso legal<\/h3><\/div><\/div>\t\t\t\t<\/div>\n\t\t\t\t\t<\/div>\n\t\t\t\t<\/div>\n\t\t<div class=\"elementor-element elementor-element-46fae85 e-con-full e-flex e-con e-child\" data-id=\"46fae85\" data-element_type=\"container\" data-e-type=\"container\" data-settings=\"{&quot;_ha_eqh_enable&quot;:false,&quot;_ob_glider_is_slider&quot;:&quot;no&quot;,&quot;_ob_column_has_pseudo&quot;:&quot;no&quot;}\">\n\t\t\t\t<div class=\"elementor-element elementor-element-c6f409f elementor-widget__width-inherit ob-has-background-overlay elementor-widget elementor-widget-spacer\" data-id=\"c6f409f\" data-element_type=\"widget\" data-e-type=\"widget\" data-settings=\"{&quot;_ob_poopart_use&quot;:&quot;yes&quot;}\" data-widget_type=\"spacer.default\">\n\t\t\t\t\t\t\t<div class=\"elementor-spacer\">\n\t\t\t<div class=\"elementor-spacer-inner\"><\/div>\n\t\t<\/div>\n\t\t\t\t\t\t<\/div>\n\t\t\t\t<\/div>\n\t\t\t\t<\/div>\n\t\t<div class=\"elementor-element elementor-element-1221b63 e-flex e-con-boxed e-con e-parent\" data-id=\"1221b63\" data-element_type=\"container\" data-e-type=\"container\" data-settings=\"{&quot;background_background&quot;:&quot;classic&quot;,&quot;_ha_eqh_enable&quot;:&quot;yes&quot;,&quot;_ha_eqh_widget&quot;:[&quot;ha-infobox&quot;],&quot;_ha_eqh_to&quot;:&quot;widget&quot;,&quot;_ha_eqh_disable_on_tablet&quot;:&quot;no&quot;,&quot;_ha_eqh_disable_on_mobile&quot;:&quot;yes&quot;,&quot;_ob_glider_is_slider&quot;:&quot;no&quot;,&quot;_ob_column_has_pseudo&quot;:&quot;no&quot;}\">\n\t\t\t\t\t<div class=\"e-con-inner\">\n\t\t\t\t<div class=\"elementor-element elementor-element-2b36bc9 custom-text elementor-invisible ob-has-background-overlay elementor-widget elementor-widget-text-editor\" data-id=\"2b36bc9\" data-element_type=\"widget\" data-e-type=\"widget\" data-settings=\"{&quot;_animation&quot;:&quot;fadeInLeft&quot;,&quot;_ob_poopart_use&quot;:&quot;yes&quot;}\" data-widget_type=\"text-editor.default\">\n\t\t\t\t\t\t\t\t\t<div class=\"wpb_wrapper\"><p>Em cumprimento da Lei 34\/2002, de 11 de julho, de servi\u00e7os da sociedade da informa\u00e7\u00e3o e do com\u00e9rcio eletr\u00f3nico, artigo 10, e do Regulamento Geral de Prote\u00e7\u00e3o de Dados de Car\u00e1cter Pessoal, facultam-se os seguintes dados e informa\u00e7\u00f5es de car\u00e1cter geral:<\/p>\n<p>Com o objetivo de dar cumprimento ao artigo 10 da Lei 34\/2002, de Servi\u00e7os da Sociedade da Informa\u00e7\u00e3o e Com\u00e9rcio Eletr\u00f3nico, informamos o utilizador dos nossos dados:<\/p>\n<p><strong>INSTITUTO POLIT\u00c9CNICO DE BRAGAN\u00c7A<\/strong><\/p>\n<p><strong>Nombre de la empresa<\/strong>: Centro de Investigaci\u00f3n de la Monta\u00f1a (CIMO) \u2013 Instituto Polit\u00e9cnico de Bragan\u00e7a<\/p>\n<p><strong>Domicilio Social<\/strong>: Campus de Santa Apol\u00f3nia. 5300-253 BRAGAN\u00c7A<\/p>\n<p><strong>Telefone<\/strong>: (+351) 273 303 200<\/p>\n<p><strong>Correio eletr\u00f3nico<\/strong>: <a href=\"mailto:ipb@ipb.pt\">lillian@ipb.pt<\/a><\/p>\n<p><strong>Numero de IVA<\/strong>: 600013758<\/p>\n<h2><strong>Correio eletr\u00f3nico<\/strong><\/h2>\n<p>Informamos que, caso n\u00e3o pretenda continuar a receber as comunica\u00e7\u00f5es e informa\u00e7\u00f5es que tem vindo a receber atrav\u00e9s deste sistema de comunica\u00e7\u00e3o eletr\u00f3nica, dever\u00e1 informar-nos enviando uma mensagem de correio eletr\u00f3nico para lillian@ipb.pt. Desta forma, os seus dados pessoais ser\u00e3o eliminados da nossa base de dados. O seu pedido ser\u00e1 tratado no prazo de 10 dias a contar da data de envio. Se n\u00e3o recebermos uma resposta expressa do utilizador, entenderemos que aceita e autoriza a nossa empresa a continuar a enviar as referidas comunica\u00e7\u00f5es. Esta mensagem \u00e9 dirigida exclusivamente ao destinat\u00e1rio e pode conter informa\u00e7\u00f5es privilegiadas ou confidenciais. Se n\u00e3o for o destinat\u00e1rio pretendido, fica desde j\u00e1 notificado de que a utiliza\u00e7\u00e3o, divulga\u00e7\u00e3o e\/ou c\u00f3pia n\u00e3o autorizadas s\u00e3o proibidas pela legisla\u00e7\u00e3o em vigor.<\/p>\n<h2><strong>Protecci\u00f3n de datos<\/strong><\/h2>\n<p>En cumplimiento al REGLAMENTO (UE) 2016\/679 DEL PARLAMENTO EUROPEO Y DEL CONSEJO de 27 de abril de 2016 relativo a la protecci\u00f3n de las personas f\u00edsicas en lo que respecta al tratamiento de datos personales y a la libre circulaci\u00f3n de estos datos y por el que se deroga la Directiva 95\/46\/CE (Reglamento general de protecci\u00f3n de datos), le indicamos que los datos personales que Ud. nos facilita de forma voluntaria, por cualquiera de nuestros medios de recogida de informaci\u00f3n, van a ser incorporados a tratamientos automatizados de datos de car\u00e1cter personal.<\/p>\n<p>Dichos tratamientos tienen como su \u00fanica finalidad la gesti\u00f3n profesional (1) por parte de NET4FOOD, quien es responsable del tratamiento. Los datos contenidos en ellos ser\u00e1n tratados de forma confidencial. NET4FOOD cumple \u00edntegramente con la legislaci\u00f3n vigente en materia de protecci\u00f3n de datos de car\u00e1cter personal, y con los compromisos de confidencialidad propios de su actividad.<\/p>\n<p>NET4FOOD ha adoptado las medidas t\u00e9cnicas necesarias para mantener el nivel de seguridad requerido, seg\u00fan la naturaleza de los datos personales tratados y las circunstancias del tratamiento, con el objeto de evitar, en la medida de lo posible y siempre seg\u00fan el estado de la t\u00e9cnica, su alteraci\u00f3n, p\u00e9rdida, tratamiento o acceso no autorizado.<\/p>\n<p>Para la realizaci\u00f3n de la gesti\u00f3n antes mencionada puede ser necesario que se cedan los datos a encargados de tratamiento, empresas colaboradoras y administraciones p\u00fablicas.<\/p>\n<p>Se informa de la posibilidad de enviarle informaci\u00f3n sobre actividades y servicios de inter\u00e9s a los que Ud. presta su consentimiento, y que, por cualquier medio, pudieran llevar a cabo entes colaboradores del titular del tratamiento y el propio titular del tratamiento.<\/p>\n<p>Esta autorizaci\u00f3n se hace efectiva de forma retroactiva a cualquier tratamiento de datos hechos ya por parte del titular del tratamiento, siempre y cuando la finalidad fuese la anteriormente indicada. Tambi\u00e9n se hace efectiva para cualquier otro tratamiento necesario para la prestaci\u00f3n de servicios de reciente o nueva contrataci\u00f3n.<\/p>\n<p>Para que la informaci\u00f3n que contienen nuestros tratamientos est\u00e9 siempre actualizada y no contenga errores pedimos a nuestros clientes y usuarios que nos comuniquen, a la mayor brevedad posible, las modificaciones y rectificaciones de sus datos de car\u00e1cter personal.<\/p>\n<p>Si desea ejercer el derecho de acceso, rectificaci\u00f3n, oposici\u00f3n o supresi\u00f3n, dirija un escrito (adjuntado fotocopia del DNI) a<em>:<\/em><a href=\"mailto:informacion@uvigo.es\"> <\/a> <a href=\"mailto:ipb@ipb.pt\">ipb@ipb.pt<\/a><\/p>\n<p>Datos socio<\/p>\n<p>(1) Gesti\u00f3n de clientes, realizaci\u00f3n de presupuestos, gesti\u00f3n contable y fiscal, elaboraci\u00f3n de facturas, gesti\u00f3n de recursos humanos, gesti\u00f3n laboral.<\/p>\n<h2><strong>P\u00e1ginas web<\/strong><\/h2>\n<p>Que el dominio <a href=\"https:\/\/net4food.eu\/pt-pt\/\">https:\/\/net4food.eu\/<\/a> a partir de ahora <strong>website <\/strong>est\u00e1 registrado a nombre de Instituto Polit\u00e9cnico de Bragan\u00e7a.<\/p>\n<p>El acceso al website y a la informaci\u00f3n relativa a cualquiera de los productos y servicios contenidos en el mismo comporta la aceptaci\u00f3n de las condiciones previstas en el presente Aviso Legal. Por ello le recomendamos que lea atentamente su contenido si usted desea acceder y hacer uso de la informaci\u00f3n y los servicios ofrecidos desde el mismo.<\/p>\n<p>Es posible que en alg\u00fan momento alguna de las p\u00e1ginas del website disponga de <em>cookies<\/em>, que son peque\u00f1os ficheros de datos que se generan en el ordenador del usuario o cliente y que permiten a nuestros sistemas recordar el idioma y el portal escogidos, as\u00ed como otras caracter\u00edsticas o preferencias de navegaci\u00f3n del usuario en su primera sesi\u00f3n. Estas <em>\u201ccookies\u201d <\/em>no son invasivas, ni nocivas, ni contienen datos de car\u00e1cter personal, ya que su \u00fanica funci\u00f3n es personalizar su navegaci\u00f3n en la forma antes expresada.<\/p>\n<h2><strong>Estatus de usuario y usos permitidos y prohibidos:<\/strong><\/h2>\n<p>El acceso a y\/o uso del sitio web reflejado como website (o cualquier otro mencionado en el apartado 1 de este aviso) atribuye a quien lo realiza la condici\u00f3n de usuario, aceptando, desde ese mismo momento, plenamente y sin reservas alguna, las presentes condiciones generales, as\u00ed como las condiciones particulares que, en su caso, complementen, modifiquen o sustituyan las condiciones generales en relaci\u00f3n con determinados servicios y contenidos del sitio web.<\/p>\n<p>El usuario se compromete a utilizar el sitio Web y sus servicios y contenidos sin contravenir la legislaci\u00f3n vigente, la buena fe, los usos generalmente aceptados y el orden p\u00fablico.<\/p>\n<p>As\u00ed mismo, queda prohibido, el uso del Web con fines il\u00edcitos o lesivos contra la raz\u00f3n social propietaria del website o cualquier tercero, o que, de cualquier forma, puedan causar perjuicio o impedir el normal funcionamiento del sitio Web.<\/p>\n<h2><strong>Propiedad intelectual e industrial:<\/strong><\/h2>\n<p>Respecto de los contenidos (informaciones, textos, gr\u00e1ficos, archivos de sonido y\/o imagen, fotograf\u00edas, dise\u00f1os, etc.), se proh\u00edbe:<\/p>\n<ol>\n<li>Su reproducci\u00f3n, distribuci\u00f3n o modificaci\u00f3n, a menos que se cuente con la autorizaci\u00f3n de sus leg\u00edtimos titulares o resulte legalmente permitido.<\/li>\n<li>Cualquier vulneraci\u00f3n de los derechos de propietario del website o de sus leg\u00edtimos titulares sobre los mismos.<\/li>\n<li>Su utilizaci\u00f3n para todo tipo de fines comerciales o publicitarios, distintos de los estrictamente permitidos.<\/li>\n<li>Cualquier intento de obtener los contenidos del sitio Web por cualquier medio distinto de los que se pongan a disposici\u00f3n de los usuarios as\u00ed como de los que habitualmente se empleen en la red, siempre que no causen perjuicio alguno al sitio Web.<\/li>\n<\/ol>\n<p>El propietario del website no otorga ninguna garant\u00eda ni se hace responsable, en ning\u00fan caso, de los da\u00f1os y perjuicios de cualquier naturaleza que pudieran traer causa de:<\/p>\n<ol>\n<li>La falta disponibilidad, mantenimiento y efectivo funcionamiento del Web y\/o de sus servicios o contenidos.<\/li>\n<li>La falta de utilidad, adecuaci\u00f3n o validez del Web y\/o de sus servicios o contenidos para satisfacer necesidades, actividades o resultados concretos o expectativas de los usuarios.<\/li>\n<li>La existencia de virus, programas maliciosos o lesivos en los contenidos.<\/li>\n<li>La recepci\u00f3n, obtenci\u00f3n, almacenamiento, difusi\u00f3n o transmisi\u00f3n, por parte de los usuarios, de los contenidos.<\/li>\n<li>El uso il\u00edcito, negligente, fraudulento, contrario a las presentes Condiciones Generales, a la buena fe, a los usos generalmente aceptados o al orden p\u00fablico, del sitio Web, sus servicios o contenidos, por parte de los usuarios.<\/li>\n<li>La falta de licitud, calidad, fiabilidad, utilidad y disponibilidad de los servicios prestados por terceros y puestos a disposici\u00f3n de los usuarios en el sitio Web.<\/li>\n<li>El incumplimiento por parte de terceros de sus obligaciones o compromisos en relaci\u00f3n con los servicios prestados a los usuarios a trav\u00e9s del sitio Web.<\/li>\n<\/ol>\n<p>A los efectos de preservar los posibles derechos de propiedad intelectual, en el caso de que cualquier usuario o un tercero considere que se ha producido una violaci\u00f3n de sus leg\u00edtimos derechos por la introducci\u00f3n de un determinado contenido en el Web, deber\u00e1 notificar dicha circunstancia a Instituto Polit\u00e9cnico de Bragan\u00e7a, indicando:<\/p>\n<ol>\n<li>Datos personales del interesado titular de los derechos presuntamente infringidos. Si la reclamaci\u00f3n la presenta un tercero distinto del interesado, deber\u00e1 indicar la representaci\u00f3n con la que act\u00faa.<\/li>\n<li>Indicaci\u00f3n de los contenidos protegidos por los derechos de propiedad intelectual y su ubicaci\u00f3n en el Web.<\/li>\n<li>Acreditaci\u00f3n de los citados derechos de propiedad intelectual.<\/li>\n<li>Declaraci\u00f3n expresa en la que el interesado se responsabiliza de la veracidad de las informaciones facilitadas en la notificaci\u00f3n.<\/li>\n<\/ol>\n<p>La legitimidad de los derechos de propiedad intelectual o industrial correspondientes a los contenidos aportados por terceros es de la exclusiva responsabilidad de los mismos.<\/p>\n<p>El establecimiento de cualquier \u201chiperenlace\u201d entre una p\u00e1gina web y cualquiera de las p\u00e1ginas web del website estar\u00e1 sometido a las siguientes condiciones:<\/p>\n<ol>\n<li>No se permite la reproducci\u00f3n ni total ni parcial de ninguno de los servicios ni contenidos del website.*<\/li>\n<li>La p\u00e1gina web en la que se establezca el hiperenlace no contendr\u00e1 ninguna marca, nombre comercial, r\u00f3tulo de establecimiento, denominaci\u00f3n, logotipo, eslogan u otros signos distintivos pertenecientes al website.<\/li>\n<li>Bajo ninguna circunstancia, el propietario del website ser\u00e1 responsable de los contenidos o servicios puestos a disposici\u00f3n del p\u00fablico en la p\u00e1gina web desde la que se realice el \u201chiperenlace\u201d ni de las informaciones y manifestaciones incluidas en las mismas.<\/li>\n<\/ol>\n<h2><strong>Duraci\u00f3n y modificaciones:<\/strong><\/h2>\n<p>La duraci\u00f3n de la prestaci\u00f3n del servicio del sitio Web y de los servicios es de car\u00e1cter indefinido.<\/p>\n<p>Sin perjuicio de lo anterior, el propietario del website se reserva el derecho para, interrumpir, suspender o terminar la prestaci\u00f3n del servicio del Web o de cualquiera de los servicios que lo integran, en los mismos t\u00e9rminos que se recogen en la condici\u00f3n tercera.<\/p>\n<p>Se podr\u00e1 modificar unilateralmente y sin previo aviso, siempre que lo considere oportuno, la estructura y dise\u00f1o del sitio Web, as\u00ed como modificar o eliminar, los servicios, los contenidos y las condiciones de acceso y\/o uso del sitio Web.<\/p>\n<h2><strong>Legislaci\u00f3n aplicable y Jurisdicci\u00f3n:<\/strong><\/h2>\n<p>Las presentes Condiciones Generales se regir\u00e1n por la legislaci\u00f3n portuguesa.<\/p>\n<p>El propietario del website y el usuario, con renuncia expresa a cualquier otro fuero que pudiera corresponderles, se someten a la Jurisdicci\u00f3n de los Juzgados y Tribunales del domicilio del usuario para cuantas cuestiones pudieran suscitarse o acciones ejercitarse derivadas de la prestaci\u00f3n del servicio del Web y de sus servicios y contenidos y sobre la interpretaci\u00f3n, aplicaci\u00f3n, cumplimiento o incumplimiento de lo aqu\u00ed establecido.<\/p>\n<p>En el supuesto de que el Usuario tenga su domicilio fuera de Portugal, el propietario del website y el Usuario, con renuncia expresa a cualquier otro fuero que pudiera corresponderles, se someten a la Jurisdicci\u00f3n de los Juzgados y Tribunales de Bragan\u00e7a.<\/p>\n<\/div>\t\t\t\t\t\t\t\t<\/div>\n\t\t\t\t<div class=\"elementor-element elementor-element-7485f48 elementor-hidden-desktop elementor-hidden-tablet elementor-hidden-mobile ob-has-background-overlay elementor-widget elementor-widget-html\" data-id=\"7485f48\" data-element_type=\"widget\" data-e-type=\"widget\" data-settings=\"{&quot;_ob_poopart_use&quot;:&quot;yes&quot;}\" data-widget_type=\"html.default\">\n\t\t\t\t\t<style>\n.custom-text {\n    \/*padding: 30px;*\/\n    \/*color: var(--e-global-color-primary );*\/\n    \/*background-color: var(--e-global-color-b28e45f );\n    border-style: solid;\n    border-width: 1px 1px 1px 1px;\n    border-color: #014D943B;\n    border-radius: 0px 0px 0px 0px;*\/\n}\n.custom-text a{\n    color: var( --e-global-color-primary );\n    font-weight: 600;\n}\n\/*\n.custom-text ol {\n      margin-bottom:20px;\n      font-weight:500;\n}\n.custom-text ol li {\n      color: var( --e-global-color-primary );\n}\n*\/\n.custom-text h2,\n.custom-text h3{\n  color: var( --e-global-color-text );\n  font-weight: 500!important;\n  color: var( --e-global-color-primary );\n  font-size: 20px;\n  line-height: 1.3em;\n  text-transform: uppercase;\n}\n.custom-text h2:not(:first-of-type),\n.custom-text h3:not(:first-of-type) {\n  margin-top: 30px;\n}\n.custom-text ol,\n.custom-text ul {\n  display: block;\n  padding-top: 20px;\n  padding-bottom: 10px;\n  padding-right: 20px;\n  flex-direction: row;\n  align-items: center;\n  justify-content: start;\n  background: #F1F2F8;\n\/*background: linear-gradient(90deg, rgba(255,255,255,1) 0%, rgba(222,236,253,1) 100%);*\/\n  margin-top: 20px;\n  margin-bottom: 20px;\n}\n.custom-text ol li::marker {\n    color: var( --e-global-color-secondary );\n}\n.custom-text ol li,\n.custom-text ul li {\n  font-size: 16px!important;\n  margin: 0;\n  list-style:none;\n  list-style-type: square;\n  padding: 0 .2em; \/* indentation + .5em *\/\n  line-height: 1.2em; \/* default list item's `line-height` *\/\n  margin-bottom: 1em;\n  position: relative;\n  \/*color: var( --e-global-color-primary );*\/\n}\n.custom-text ol li:before,\n.custom-text ul li:before {\n    content:\"\";\n    top:0;\n    left:-20px;\n    position: absolute;\n    display: flex;\n    height: 100%;\n    \/*border-left:3px solid var( --e-global-color-primary );*\/\n}\n\n<\/style>\t\t\t\t<\/div>\n\t\t\t\t\t<\/div>\n\t\t\t\t<\/div>\n\t\t<div class=\"elementor-element elementor-element-6621834 e-con-full e-flex e-con e-parent\" data-id=\"6621834\" data-element_type=\"container\" data-e-type=\"container\" data-settings=\"{&quot;background_background&quot;:&quot;classic&quot;,&quot;_ha_eqh_enable&quot;:false,&quot;_ob_glider_is_slider&quot;:&quot;no&quot;,&quot;_ob_column_has_pseudo&quot;:&quot;no&quot;}\">\n\t\t\t\t<div class=\"elementor-element elementor-element-1762304 elementor-widget__width-inherit ob-has-background-overlay elementor-widget elementor-widget-spacer\" data-id=\"1762304\" data-element_type=\"widget\" data-e-type=\"widget\" data-settings=\"{&quot;_ob_poopart_use&quot;:&quot;yes&quot;}\" data-widget_type=\"spacer.default\">\n\t\t\t\t\t\t\t<div class=\"elementor-spacer\">\n\t\t\t<div class=\"elementor-spacer-inner\"><\/div>\n\t\t<\/div>\n\t\t\t\t\t\t<\/div>\n\t\t\t\t<\/div>\n\t\t\t\t<\/div>\n\t\t","protected":false},"excerpt":{"rendered":"<p>Aviso legal Em cumprimento da Lei 34\/2002, de 11 de julho, de servi\u00e7os da sociedade da informa\u00e7\u00e3o e do com\u00e9rcio eletr\u00f3nico, artigo 10, e do Regulamento Geral de Prote\u00e7\u00e3o de Dados de Car\u00e1cter Pessoal, facultam-se os seguintes dados e informa\u00e7\u00f5es de car\u00e1cter geral: Com o objetivo de dar cumprimento ao artigo 10 da Lei 34\/2002, [&hellip;]<\/p>\n","protected":false},"author":3,"featured_media":0,"parent":0,"menu_order":0,"comment_status":"closed","ping_status":"closed","template":"","meta":{"inline_featured_image":false,"footnotes":""},"class_list":["post-2694","page","type-page","status-publish","hentry"],"_links":{"self":[{"href":"https:\/\/net4food.eu\/pt-pt\/wp-json\/wp\/v2\/pages\/2694","targetHints":{"allow":["GET"]}}],"collection":[{"href":"https:\/\/net4food.eu\/pt-pt\/wp-json\/wp\/v2\/pages"}],"about":[{"href":"https:\/\/net4food.eu\/pt-pt\/wp-json\/wp\/v2\/types\/page"}],"author":[{"embeddable":true,"href":"https:\/\/net4food.eu\/pt-pt\/wp-json\/wp\/v2\/users\/3"}],"replies":[{"embeddable":true,"href":"https:\/\/net4food.eu\/pt-pt\/wp-json\/wp\/v2\/comments?post=2694"}],"version-history":[{"count":0,"href":"https:\/\/net4food.eu\/pt-pt\/wp-json\/wp\/v2\/pages\/2694\/revisions"}],"wp:attachment":[{"href":"https:\/\/net4food.eu\/pt-pt\/wp-json\/wp\/v2\/media?parent=2694"}],"curies":[{"name":"wp","href":"https:\/\/api.w.org\/{rel}","templated":true}]}}