{"id":2695,"date":"2025-03-20T11:13:07","date_gmt":"2025-03-20T10:13:07","guid":{"rendered":"https:\/\/net4food.eu\/politica-de-cookies\/"},"modified":"2025-03-20T11:27:06","modified_gmt":"2025-03-20T10:27:06","slug":"politica-de-cookies","status":"publish","type":"page","link":"https:\/\/net4food.eu\/pt-pt\/politica-de-cookies\/","title":{"rendered":"Pol\u00edtica de cookies"},"content":{"rendered":"\t\t<div data-elementor-type=\"wp-page\" data-elementor-id=\"2695\" class=\"elementor elementor-2695 elementor-2660\" data-elementor-post-type=\"page\">\n\t\t\t\t<div class=\"elementor-element elementor-element-51bb337 e-con-full e-flex e-con e-parent\" data-id=\"51bb337\" data-element_type=\"container\" data-e-type=\"container\" data-settings=\"{&quot;background_background&quot;:&quot;classic&quot;,&quot;_ha_eqh_enable&quot;:false,&quot;_ob_glider_is_slider&quot;:&quot;no&quot;,&quot;_ob_column_has_pseudo&quot;:&quot;no&quot;}\">\n\t\t<div class=\"elementor-element elementor-element-8266a98 e-flex e-con-boxed e-con e-child\" data-id=\"8266a98\" data-element_type=\"container\" data-e-type=\"container\" data-settings=\"{&quot;_ha_eqh_enable&quot;:false,&quot;_ob_glider_is_slider&quot;:&quot;no&quot;}\">\n\t\t\t\t\t<div class=\"e-con-inner\">\n\t\t\t\t<div class=\"elementor-element elementor-element-41cf812 elementor-position-left elementor-vertical-align-top elementor-invisible ob-has-background-overlay elementor-widget elementor-widget-image-box\" data-id=\"41cf812\" data-element_type=\"widget\" data-e-type=\"widget\" data-settings=\"{&quot;_animation&quot;:&quot;fadeInUp&quot;,&quot;_ob_poopart_use&quot;:&quot;yes&quot;}\" data-widget_type=\"image-box.default\">\n\t\t\t\t\t<div class=\"elementor-image-box-wrapper\"><figure class=\"elementor-image-box-img\"><img decoding=\"async\" width=\"208\" height=\"208\" src=\"https:\/\/net4food.eu\/wp-content\/uploads\/2024\/08\/asset-26.svg\" class=\"attachment-full size-full wp-image-79\" alt=\"\" \/><\/figure><div class=\"elementor-image-box-content\"><h3 class=\"elementor-image-box-title\">Pol\u00edtica de cookies<\/h3><\/div><\/div>\t\t\t\t<\/div>\n\t\t\t\t\t<\/div>\n\t\t\t\t<\/div>\n\t\t<div class=\"elementor-element elementor-element-f217ba6 e-con-full e-flex e-con e-child\" data-id=\"f217ba6\" data-element_type=\"container\" data-e-type=\"container\" data-settings=\"{&quot;_ha_eqh_enable&quot;:false,&quot;_ob_glider_is_slider&quot;:&quot;no&quot;,&quot;_ob_column_has_pseudo&quot;:&quot;no&quot;}\">\n\t\t\t\t<div class=\"elementor-element elementor-element-2a1e713 elementor-widget__width-inherit ob-has-background-overlay elementor-widget elementor-widget-spacer\" data-id=\"2a1e713\" data-element_type=\"widget\" data-e-type=\"widget\" data-settings=\"{&quot;_ob_poopart_use&quot;:&quot;yes&quot;}\" data-widget_type=\"spacer.default\">\n\t\t\t\t\t\t\t<div class=\"elementor-spacer\">\n\t\t\t<div class=\"elementor-spacer-inner\"><\/div>\n\t\t<\/div>\n\t\t\t\t\t\t<\/div>\n\t\t\t\t<\/div>\n\t\t\t\t<\/div>\n\t\t<div class=\"elementor-element elementor-element-5ecbaf2 e-flex e-con-boxed e-con e-parent\" data-id=\"5ecbaf2\" data-element_type=\"container\" data-e-type=\"container\" data-settings=\"{&quot;background_background&quot;:&quot;classic&quot;,&quot;_ha_eqh_enable&quot;:&quot;yes&quot;,&quot;_ha_eqh_widget&quot;:[&quot;ha-infobox&quot;],&quot;_ha_eqh_to&quot;:&quot;widget&quot;,&quot;_ha_eqh_disable_on_tablet&quot;:&quot;no&quot;,&quot;_ha_eqh_disable_on_mobile&quot;:&quot;yes&quot;,&quot;_ob_glider_is_slider&quot;:&quot;no&quot;,&quot;_ob_column_has_pseudo&quot;:&quot;no&quot;}\">\n\t\t\t\t\t<div class=\"e-con-inner\">\n\t\t\t\t<div class=\"elementor-element elementor-element-abfa742 custom-text elementor-invisible ob-has-background-overlay elementor-widget elementor-widget-text-editor\" data-id=\"abfa742\" data-element_type=\"widget\" data-e-type=\"widget\" data-settings=\"{&quot;_animation&quot;:&quot;fadeInLeft&quot;,&quot;_ob_poopart_use&quot;:&quot;yes&quot;}\" data-widget_type=\"text-editor.default\">\n\t\t\t\t\t\t\t\t\t<div class=\"wpb_wrapper\"><style>\n    a.cky-banner-element {<br \/>\n        padding: 8px 30px;<br \/>\n        background: #F8F9FA;<br \/>\n        color: #858A8F;<br \/>\n        border: 1px solid #DEE2E6;<br \/>\n        box-sizing: border-box;<br \/>\n        border-radius: 2px;<br \/>\n        cursor: pointer;<br \/>\n}<br \/>\n<\/style>\n<p><em>Esta pol\u00edtica de cookies foi atualizada pela \u00faltima vez em 23 de dezembro de 2023 e aplica-se a cidad\u00e3os e residentes legais permanentes do Espa\u00e7o Econ\u00f4mico Europeu e Su\u00ed\u00e7a.<\/em><\/p>\n<h2><strong>1. Introdu\u00e7\u00e3o<\/strong><\/h2>\n<p>Nosso site, https:\/\/net4food.eu\/ (daqui para frente: \u201co site\u201d) utiliza cookies e outras tecnologias relacionadas (para conveni\u00eancia, todas as tecnologias s\u00e3o chamadas de \u201ccookies\u201d). Cookies tamb\u00e9m s\u00e3o colocados por terceiros que contratamos. No documento seguinte, informamos sobre o uso de cookies em nosso site.<\/p>\n<h2><strong>2. O que s\u00e3o cookies?<\/strong><\/h2>\n<p>Um cookie \u00e9 um pequeno arquivo que \u00e9 enviado junto com as p\u00e1ginas deste site e que seu navegador armazena no disco r\u00edgido do seu computador ou outro dispositivo. As informa\u00e7\u00f5es armazenadas podem ser retornadas aos nossos servidores ou aos servidores de terceiros apropriados durante uma visita subsequente.<\/p>\n<h2><strong>3. O que s\u00e3o scripts?<\/strong><\/h2>\n<p>Um script \u00e9 um peda\u00e7o de c\u00f3digo de programa que \u00e9 usado para fazer nosso site funcionar corretamente e de forma interativa. Este c\u00f3digo \u00e9 executado em nosso servidor ou em seu dispositivo.<\/p>\n<h2><strong>4. O que \u00e9 um beacon web?<\/strong><\/h2>\n<p>Um beacon web (ou uma tag de pixel) \u00e9 uma pequena e invis\u00edvel pe\u00e7a de texto ou imagem em um site que \u00e9 usada para monitorar o tr\u00e1fego no site. Para isso, v\u00e1rios dados sobre voc\u00ea s\u00e3o armazenados por meio desses beacons web.<\/p>\n<h2><strong>5. Cookies<\/strong><\/h2>\n<p><strong>5.1 Cookies t\u00e9cnicos ou funcionais<\/strong><\/p>\n<p>Alguns cookies garantem que certas partes do site funcionem corretamente e que suas prefer\u00eancias de usu\u00e1rio sejam lembradas. Ao colocar cookies funcionais, facilitamos a visita ao nosso site. Dessa maneira, voc\u00ea n\u00e3o precisa inserir repetidamente a mesma informa\u00e7\u00e3o quando visita nosso site e, por exemplo, os itens permanecem no seu carrinho de compras at\u00e9 que voc\u00ea tenha pago. Podemos colocar esses cookies sem seu consentimento.<\/p>\n<p><strong>5.2 Cookies de estat\u00edsticas<\/strong><\/p>\n<p>Usamos cookies de estat\u00edsticas para otimizar a experi\u00eancia do site para nossos usu\u00e1rios. Com esses cookies de estat\u00edsticas, obtemos informa\u00e7\u00f5es sobre o uso de nosso site. Pedimos seu consentimento para colocar cookies de estat\u00edsticas.<\/p>\n<p><strong>5.3 Cookies de marketing\/rastreamento<\/strong><\/p>\n<p>Cookies de marketing\/rastreamento s\u00e3o cookies, ou qualquer outra forma de armazenamento local, usados para criar perfis de usu\u00e1rio para exibir publicidade ou para fazer o rastreamento do usu\u00e1rio neste site ou em v\u00e1rios sites para fins de marketing semelhantes.<\/p>\n<p><strong>5.4 Redes sociais<\/strong><\/p>\n<p>Em nosso site, inclu\u00edmos conte\u00fado do Facebook e Instagram para promover p\u00e1ginas da web (por exemplo: \u201cCurtir\u201d, \u201cPin\u201d) ou compartilhar (por exemplo: \u201ctweetar\u201d) em redes sociais como Facebook e Instagram. Este conte\u00fado est\u00e1 embutido com c\u00f3digo derivado do Facebook e Instagram e armazena cookies. Este conte\u00fado pode processar certas informa\u00e7\u00f5es para an\u00fancios personalizados.<\/p>\n<p>Por favor, leia a pol\u00edtica de privacidade dessas redes sociais (que pode mudar frequentemente) para saber o que fazem com seus dados (pessoais) que processam usando esses cookies. Os dados recebidos s\u00e3o anonimizados o m\u00e1ximo poss\u00edvel. Facebook e Instagram est\u00e3o localizados nos Estados Unidos.<\/p>\n<h2><strong>6. Cookies usados<\/strong><\/h2>\n<div class=\"cky-audit-table-element\"><h3>Necess\u00e1rio<\/h3><div class=\"cky-category-des\"><p>Os cookies necess\u00e1rios s\u00e3o cruciais para as fun\u00e7\u00f5es b\u00e1sicas do site e o site n\u00e3o funcionar\u00e1 da maneira pretendida sem eles.<\/p> <p>Esses cookies n\u00e3o armazenam nenhum dado de identifica\u00e7\u00e3o pessoal.<\/p><\/div><div class=\"cky-table-wrapper\"><table class=\"cky-cookie-audit-table\"><thead><tr><th>Cookie<\/th><th>Dura\u00e7\u00e3o<\/th><th>Descri\u00e7\u00e3o<\/th><\/tr><\/thead><tbody><tr><td>cookieyes-consent<\/td><td>1 ano<\/td><td>A CookieYes define este cookie para relembrar as prefer\u00eancias de consentimento dos utilizadores, para que as suas prefer\u00eancias sejam respeitadas em visitas posteriores feitas a este site. N\u00e3o recolhe ou armazena qualquer informa\u00e7\u00e3o pessoal acerca dos visitantes do site.<\/td><\/tr><\/tbody><\/table><\/div><h3>Funcional<\/h3><div class=\"cky-category-des\"><p>Os cookies funcionais ajudam a realizar certas funcionalidades, como compartilhar o conte\u00fado do site em plataformas de m\u00eddia social, coletar feedbacks e outros recursos de terceiros.<\/p><\/div><div class=\"cky-table-wrapper\"><table class=\"cky-cookie-audit-table\"><thead><tr><th>Cookie<\/th><th>Dura\u00e7\u00e3o<\/th><th>Descri\u00e7\u00e3o<\/th><\/tr><\/thead><tbody><tr><td>wp-wpml_current_language<\/td><td>sess\u00e3o<\/td><td>O plugin multilingue da WordPress define este cookie para armazenar as defini\u00e7\u00f5es atuais de idioma\/idioma.<\/td><\/tr><\/tbody><\/table><\/div><\/div>\n<h2><strong>7. Consentimento<\/strong><\/h2>\n<p>Quando voc\u00ea visita nosso site pela primeira vez, mostraremos uma janela pop-up com uma explica\u00e7\u00e3o sobre os cookies. Assim que voc\u00ea clicar em \u201cSalvar prefer\u00eancias\u201d, voc\u00ea aceita que usemos as categorias de cookies e plugins que voc\u00ea selecionou na janela pop-up, conforme descrito nesta pol\u00edtica de cookies. Voc\u00ea pode desativar o uso de cookies atrav\u00e9s do seu navegador, mas, por favor, note que nosso site pode n\u00e3o funcionar corretamente.<\/p>\n<p><strong>7.1 Gerencie suas configura\u00e7\u00f5es de consentimento<\/strong><\/p>\n<p>Gerencie suas configura\u00e7\u00f5es de consentimento a partir do seguinte link: <a class=\"cky-banner-element\" href=\"#\">Prefer\u00eancias de cookies<\/a><\/p>\n<h2><strong>8. Ativa\u00e7\u00e3o\/desativa\u00e7\u00e3o e exclus\u00e3o de cookies<\/strong><\/h2>\n<p>Voc\u00ea pode usar seu navegador de Internet para eliminar cookies de forma autom\u00e1tica ou manual. Voc\u00ea tamb\u00e9m pode especificar que certos cookies n\u00e3o podem ser colocados. Outra op\u00e7\u00e3o \u00e9 mudar as configura\u00e7\u00f5es do seu navegador de Internet para que voc\u00ea receba uma mensagem cada vez que um cookie \u00e9 colocado. Para obter mais informa\u00e7\u00f5es sobre essas op\u00e7\u00f5es, consulte as instru\u00e7\u00f5es na se\u00e7\u00e3o \u201cAjuda\u201d do seu navegador.<\/p>\n<p>Note que nosso site pode n\u00e3o funcionar corretamente se todos os cookies est\u00e3o desativados. Se voc\u00ea deletar os cookies do seu navegador, eles ser\u00e3o recolocados ap\u00f3s seu consentimento quando voc\u00ea visitar novamente nossos sites.<\/p>\n<h2><strong>9. Seus direitos com rela\u00e7\u00e3o aos dados pessoais<\/strong><\/h2>\n<p>Voc\u00ea tem os seguintes direitos com rela\u00e7\u00e3o aos seus dados pessoais:<\/p>\n<ul>\n<li>Direito de saber por que seus dados pessoais s\u00e3o necess\u00e1rios, o que acontecer\u00e1 com eles e por quanto tempo ser\u00e3o mantidos.<\/li>\n<li>Direito de acesso: voc\u00ea tem o direito de acessar seus dados pessoais que conhecemos.<\/li>\n<li>Direito de retifica\u00e7\u00e3o: voc\u00ea tem o direito de completar, corrigir, apagar ou bloquear seus dados pessoais quando desejar.<\/li>\n<li>Se voc\u00ea nos deu seu consentimento para processar seus dados, voc\u00ea tem o direito de revogar esse consentimento e a ter seus dados pessoais apagados.<\/li>\n<li>Direito de transfer\u00eancia de seus dados: voc\u00ea tem o direito de solicitar todos os seus dados pessoais ao respons\u00e1vel pelo tratamento e transferi-los na \u00edntegra para outro respons\u00e1vel pelo tratamento.<\/li>\n<li>Direito de oposi\u00e7\u00e3o: voc\u00ea pode se opor ao tratamento de seus dados. N\u00f3s cumprimos com isso, a menos que existam motivos justificados para o processamento.<\/li>\n<\/ul>\n<p>Para exercer esses direitos, por favor, entre em contato conosco. Por favor, consulte os detalhes de contato na parte inferior desta pol\u00edtica de cookies. Se voc\u00ea tem alguma reclama\u00e7\u00e3o sobre como gerenciamos seus dados, gostar\u00edamos que voc\u00ea nos informasse, mas voc\u00ea tamb\u00e9m tem o direito de enviar uma reclama\u00e7\u00e3o \u00e0 autoridade supervisora (a autoridade de prote\u00e7\u00e3o de dados).<\/p>\n<\/div>\t\t\t\t\t\t\t\t<\/div>\n\t\t\t\t<div class=\"elementor-element elementor-element-f83f7c1 elementor-hidden-desktop elementor-hidden-tablet elementor-hidden-mobile ob-has-background-overlay elementor-widget elementor-widget-html\" data-id=\"f83f7c1\" data-element_type=\"widget\" data-e-type=\"widget\" data-settings=\"{&quot;_ob_poopart_use&quot;:&quot;yes&quot;}\" data-widget_type=\"html.default\">\n\t\t\t\t\t<style>\n.custom-text {\n    \/*padding: 30px;*\/\n    \/*color: var(--e-global-color-primary );*\/\n    \/*background-color: var(--e-global-color-b28e45f );\n    border-style: solid;\n    border-width: 1px 1px 1px 1px;\n    border-color: #014D943B;\n    border-radius: 0px 0px 0px 0px;*\/\n}\n.custom-text a{\n    color: var( --e-global-color-primary );\n    font-weight: 600;\n}\n\/*\n.custom-text ol {\n      margin-bottom:20px;\n      font-weight:500;\n}\n.custom-text ol li {\n      color: var( --e-global-color-primary );\n}\n*\/\n.custom-text h2,\n.custom-text h3{\n  color: var( --e-global-color-text );\n  font-weight: 500!important;\n  color: var( --e-global-color-primary );\n  font-size: 20px;\n  line-height: 1.3em;\n  text-transform: uppercase;\n}\n.custom-text h2:not(:first-of-type),\n.custom-text h3:not(:first-of-type) {\n  margin-top: 30px;\n}\n.custom-text ol,\n.custom-text ul {\n  display: block;\n  padding-top: 20px;\n  padding-bottom: 10px;\n  padding-right: 20px;\n  flex-direction: row;\n  align-items: center;\n  justify-content: start;\n  background: #F1F2F8;\n\/*background: linear-gradient(90deg, rgba(255,255,255,1) 0%, rgba(222,236,253,1) 100%);*\/\n  margin-top: 20px;\n  margin-bottom: 20px;\n}\n.custom-text ol li::marker {\n    color: var( --e-global-color-secondary );\n}\n.custom-text ol li,\n.custom-text ul li {\n  font-size: 16px!important;\n  margin: 0;\n  list-style:none;\n  list-style-type: square;\n  padding: 0 .2em; \/* indentation + .5em *\/\n  line-height: 1.2em; \/* default list item's `line-height` *\/\n  margin-bottom: 1em;\n  position: relative;\n  \/*color: var( --e-global-color-primary );*\/\n}\n.custom-text ol li:before,\n.custom-text ul li:before {\n    content:\"\";\n    top:0;\n    left:-20px;\n    position: absolute;\n    display: flex;\n    height: 100%;\n    \/*border-left:3px solid var( --e-global-color-primary );*\/\n}\n\n<\/style>\t\t\t\t<\/div>\n\t\t\t\t\t<\/div>\n\t\t\t\t<\/div>\n\t\t<div class=\"elementor-element elementor-element-dff76a1 e-con-full e-flex e-con e-parent\" data-id=\"dff76a1\" data-element_type=\"container\" data-e-type=\"container\" data-settings=\"{&quot;background_background&quot;:&quot;classic&quot;,&quot;_ha_eqh_enable&quot;:false,&quot;_ob_glider_is_slider&quot;:&quot;no&quot;,&quot;_ob_column_has_pseudo&quot;:&quot;no&quot;}\">\n\t\t\t\t<div class=\"elementor-element elementor-element-9d773ad elementor-widget__width-inherit ob-has-background-overlay elementor-widget elementor-widget-spacer\" data-id=\"9d773ad\" data-element_type=\"widget\" data-e-type=\"widget\" data-settings=\"{&quot;_ob_poopart_use&quot;:&quot;yes&quot;}\" data-widget_type=\"spacer.default\">\n\t\t\t\t\t\t\t<div class=\"elementor-spacer\">\n\t\t\t<div class=\"elementor-spacer-inner\"><\/div>\n\t\t<\/div>\n\t\t\t\t\t\t<\/div>\n\t\t\t\t<\/div>\n\t\t\t\t<\/div>\n\t\t","protected":false},"excerpt":{"rendered":"<p>Pol\u00edtica de cookies Esta pol\u00edtica de cookies foi atualizada pela \u00faltima vez em 23 de dezembro de 2023 e aplica-se a cidad\u00e3os e residentes legais permanentes do Espa\u00e7o Econ\u00f4mico Europeu e Su\u00ed\u00e7a. 1. Introdu\u00e7\u00e3o Nosso site, https:\/\/net4food.eu\/ (daqui para frente: \u201co site\u201d) utiliza cookies e outras tecnologias relacionadas (para conveni\u00eancia, todas as tecnologias s\u00e3o chamadas [&hellip;]<\/p>\n","protected":false},"author":3,"featured_media":0,"parent":0,"menu_order":0,"comment_status":"closed","ping_status":"closed","template":"","meta":{"inline_featured_image":false,"footnotes":""},"class_list":["post-2695","page","type-page","status-publish","hentry"],"_links":{"self":[{"href":"https:\/\/net4food.eu\/pt-pt\/wp-json\/wp\/v2\/pages\/2695","targetHints":{"allow":["GET"]}}],"collection":[{"href":"https:\/\/net4food.eu\/pt-pt\/wp-json\/wp\/v2\/pages"}],"about":[{"href":"https:\/\/net4food.eu\/pt-pt\/wp-json\/wp\/v2\/types\/page"}],"author":[{"embeddable":true,"href":"https:\/\/net4food.eu\/pt-pt\/wp-json\/wp\/v2\/users\/3"}],"replies":[{"embeddable":true,"href":"https:\/\/net4food.eu\/pt-pt\/wp-json\/wp\/v2\/comments?post=2695"}],"version-history":[{"count":0,"href":"https:\/\/net4food.eu\/pt-pt\/wp-json\/wp\/v2\/pages\/2695\/revisions"}],"wp:attachment":[{"href":"https:\/\/net4food.eu\/pt-pt\/wp-json\/wp\/v2\/media?parent=2695"}],"curies":[{"name":"wp","href":"https:\/\/api.w.org\/{rel}","templated":true}]}}