{"id":2696,"date":"2025-03-20T11:14:58","date_gmt":"2025-03-20T10:14:58","guid":{"rendered":"https:\/\/net4food.eu\/politica-de-privacidad\/"},"modified":"2025-03-20T11:26:35","modified_gmt":"2025-03-20T10:26:35","slug":"politica-de-privacidad","status":"publish","type":"page","link":"https:\/\/net4food.eu\/pt-pt\/politica-de-privacidad\/","title":{"rendered":"Pol\u00edtica de privacidad"},"content":{"rendered":"\t\t<div data-elementor-type=\"wp-page\" data-elementor-id=\"2696\" class=\"elementor elementor-2696 elementor-2663\" data-elementor-post-type=\"page\">\n\t\t\t\t<div class=\"elementor-element elementor-element-e2c8c8d e-con-full e-flex e-con e-parent\" data-id=\"e2c8c8d\" data-element_type=\"container\" data-e-type=\"container\" data-settings=\"{&quot;background_background&quot;:&quot;classic&quot;,&quot;_ha_eqh_enable&quot;:false,&quot;_ob_glider_is_slider&quot;:&quot;no&quot;,&quot;_ob_column_has_pseudo&quot;:&quot;no&quot;}\">\n\t\t<div class=\"elementor-element elementor-element-ca5828d e-flex e-con-boxed e-con e-child\" data-id=\"ca5828d\" data-element_type=\"container\" data-e-type=\"container\" data-settings=\"{&quot;_ha_eqh_enable&quot;:false,&quot;_ob_glider_is_slider&quot;:&quot;no&quot;}\">\n\t\t\t\t\t<div class=\"e-con-inner\">\n\t\t\t\t<div class=\"elementor-element elementor-element-3803cc2 elementor-position-left elementor-vertical-align-top elementor-invisible ob-has-background-overlay elementor-widget elementor-widget-image-box\" data-id=\"3803cc2\" data-element_type=\"widget\" data-e-type=\"widget\" data-settings=\"{&quot;_animation&quot;:&quot;fadeInUp&quot;,&quot;_ob_poopart_use&quot;:&quot;yes&quot;}\" data-widget_type=\"image-box.default\">\n\t\t\t\t\t<div class=\"elementor-image-box-wrapper\"><figure class=\"elementor-image-box-img\"><img decoding=\"async\" width=\"208\" height=\"208\" src=\"https:\/\/net4food.eu\/wp-content\/uploads\/2024\/08\/asset-26.svg\" class=\"attachment-full size-full wp-image-79\" alt=\"\" \/><\/figure><div class=\"elementor-image-box-content\"><h3 class=\"elementor-image-box-title\">Pol\u00edtica de privacidade<\/h3><\/div><\/div>\t\t\t\t<\/div>\n\t\t\t\t\t<\/div>\n\t\t\t\t<\/div>\n\t\t<div class=\"elementor-element elementor-element-a1c092a e-con-full e-flex e-con e-child\" data-id=\"a1c092a\" data-element_type=\"container\" data-e-type=\"container\" data-settings=\"{&quot;_ha_eqh_enable&quot;:false,&quot;_ob_glider_is_slider&quot;:&quot;no&quot;,&quot;_ob_column_has_pseudo&quot;:&quot;no&quot;}\">\n\t\t\t\t<div class=\"elementor-element elementor-element-fee524c elementor-widget__width-inherit ob-has-background-overlay elementor-widget elementor-widget-spacer\" data-id=\"fee524c\" data-element_type=\"widget\" data-e-type=\"widget\" data-settings=\"{&quot;_ob_poopart_use&quot;:&quot;yes&quot;}\" data-widget_type=\"spacer.default\">\n\t\t\t\t\t\t\t<div class=\"elementor-spacer\">\n\t\t\t<div class=\"elementor-spacer-inner\"><\/div>\n\t\t<\/div>\n\t\t\t\t\t\t<\/div>\n\t\t\t\t<\/div>\n\t\t\t\t<\/div>\n\t\t<div class=\"elementor-element elementor-element-42f9ea6 e-flex e-con-boxed e-con e-parent\" data-id=\"42f9ea6\" data-element_type=\"container\" data-e-type=\"container\" data-settings=\"{&quot;background_background&quot;:&quot;classic&quot;,&quot;_ha_eqh_enable&quot;:&quot;yes&quot;,&quot;_ha_eqh_widget&quot;:[&quot;ha-infobox&quot;],&quot;_ha_eqh_to&quot;:&quot;widget&quot;,&quot;_ha_eqh_disable_on_tablet&quot;:&quot;no&quot;,&quot;_ha_eqh_disable_on_mobile&quot;:&quot;yes&quot;,&quot;_ob_glider_is_slider&quot;:&quot;no&quot;,&quot;_ob_column_has_pseudo&quot;:&quot;no&quot;}\">\n\t\t\t\t\t<div class=\"e-con-inner\">\n\t\t\t\t<div class=\"elementor-element elementor-element-7a33a16 custom-text elementor-invisible ob-has-background-overlay elementor-widget elementor-widget-text-editor\" data-id=\"7a33a16\" data-element_type=\"widget\" data-e-type=\"widget\" data-settings=\"{&quot;_animation&quot;:&quot;fadeInLeft&quot;,&quot;_ob_poopart_use&quot;:&quot;yes&quot;}\" data-widget_type=\"text-editor.default\">\n\t\t\t\t\t\t\t\t\t<div class=\"wpb_wrapper\"><h2>Termos de Uso<\/h2>\n<ul>\n<li>O envio de e-mails em massa n\u00e3o solicitados ou e-mails n\u00e3o solicitados (SPAM) direcionados a contas de e-mail utilizadas neste site \u00e9 proibido.<\/li>\n<li>O usu\u00e1rio n\u00e3o pode acessar o site de maneira que danifique, deteriore, inutilize ou sobrecarregue os servi\u00e7os e\/ou informa\u00e7\u00f5es oferecidas.<\/li>\n<\/ul>\n<h2>Isen\u00e7\u00e3o de Responsabilidade<\/h2>\n<ul>\n<li>O conte\u00fado disponibilizado neste site \u00e9 publicado apenas para fins informativos e n\u00e3o substitui a publicidade legal de estatutos, normativas, disposi\u00e7\u00f5es e atos que devem ser publicados formalmente no DOG e em outros boletins oficiais. Embora o Instituto Polit\u00e9cnico de Bragan\u00e7a fa\u00e7a todos os esfor\u00e7os para garantir que as informa\u00e7\u00f5es contidas no site sejam precisas e atualizadas, n\u00e3o h\u00e1 garantia de que n\u00e3o existam erros no conte\u00fado do site ou que esteja totalmente atualizado. *Somente os textos publicados nas edi\u00e7\u00f5es impressas do DOG e de outros boletins oficiais possuem autenticidade e validade oficial.<\/li>\n<li>O Instituto Polit\u00e9cnico de Bragan\u00e7a reserva-se o direito de modificar, sem aviso pr\u00e9vio, a estrutura do site, tanto em sua forma quanto em seu conte\u00fado, at\u00e9 mesmo desativ\u00e1-lo sem necessidade de aviso pr\u00e9vio aos usu\u00e1rios.<\/li>\n<li>O site cont\u00e9m, ocasionalmente, links para p\u00e1ginas externas sobre as quais n\u00e3o tem controle e sobre as quais declina toda responsabilidade.<\/li>\n<li>O Instituto Polit\u00e9cnico de Bragan\u00e7a n\u00e3o se responsabiliza por poss\u00edveis danos que possam ser causados ao usu\u00e1rio pelo uso incorreto, err\u00f4neo ou inadequado dos servi\u00e7os e conte\u00fados deste site.<\/li>\n<li>Estas cl\u00e1usulas n\u00e3o t\u00eam a inten\u00e7\u00e3o de limitar a responsabilidade do Instituto Polit\u00e9cnico de Bragan\u00e7a em desacordo com a legisla\u00e7\u00e3o portuguesa aplic\u00e1vel, nem de excluir sua responsabilidade nos casos em que, nos termos dessa legisla\u00e7\u00e3o, n\u00e3o possa ser exclu\u00edda.<\/li>\n<\/ul>\n<h2>Direitos de Propriedade Intelectual<\/h2>\n<ul>\n<li>O Instituto Polit\u00e9cnico de Bragan\u00e7a \u00e9 titular dos direitos de Propriedade Intelectual e Industrial sobre o site, seu design gr\u00e1fico e seus conte\u00fados, salvo indica\u00e7\u00e3o em contr\u00e1rio.<\/li>\n<\/ul>\n<h2>Servi\u00e7o<\/h2>\n<ul>\n<li>O Instituto Polit\u00e9cnico de Bragan\u00e7a tentar\u00e1 minimizar ao m\u00e1ximo as interrup\u00e7\u00f5es do servi\u00e7o e os problemas causados por erros t\u00e9cnicos. N\u00e3o assume qualquer responsabilidade por interrup\u00e7\u00f5es ou defici\u00eancias no servi\u00e7o, nem pelos problemas que possam resultar da consulta destas p\u00e1ginas.<\/li>\n<\/ul>\n<h2>Jurisdi\u00e7\u00e3o Competente e Lei Aplic\u00e1vel<\/h2>\n<p>As disputas que possam surgir entre o Instituto Polit\u00e9cnico de Bragan\u00e7a e os usu\u00e1rios deste servi\u00e7o sobre a interpreta\u00e7\u00e3o ou aplica\u00e7\u00e3o das presentes condi\u00e7\u00f5es, ou, de forma geral, sobre o uso do mesmo, ser\u00e3o da compet\u00eancia dos tribunais portugueses e reger-se-\u00e3o pela legisla\u00e7\u00e3o portuguesa.<\/p>\n<\/div>\t\t\t\t\t\t\t\t<\/div>\n\t\t\t\t<div class=\"elementor-element elementor-element-1e1c244 elementor-hidden-desktop elementor-hidden-tablet elementor-hidden-mobile ob-has-background-overlay elementor-widget elementor-widget-html\" data-id=\"1e1c244\" data-element_type=\"widget\" data-e-type=\"widget\" data-settings=\"{&quot;_ob_poopart_use&quot;:&quot;yes&quot;}\" data-widget_type=\"html.default\">\n\t\t\t\t\t<style>\n.custom-text {\n    \/*padding: 30px;*\/\n    \/*color: var(--e-global-color-primary );*\/\n    \/*background-color: var(--e-global-color-b28e45f );\n    border-style: solid;\n    border-width: 1px 1px 1px 1px;\n    border-color: #014D943B;\n    border-radius: 0px 0px 0px 0px;*\/\n}\n.custom-text a{\n    color: var( --e-global-color-primary );\n    font-weight: 600;\n}\n\/*\n.custom-text ol {\n      margin-bottom:20px;\n      font-weight:500;\n}\n.custom-text ol li {\n      color: var( --e-global-color-primary );\n}\n*\/\n.custom-text h2,\n.custom-text h3{\n  color: var( --e-global-color-text );\n  font-weight: 500!important;\n  color: var( --e-global-color-primary );\n  font-size: 20px;\n  line-height: 1.3em;\n  text-transform: uppercase;\n}\n.custom-text h2:not(:first-of-type),\n.custom-text h3:not(:first-of-type) {\n  margin-top: 30px;\n}\n.custom-text ol,\n.custom-text ul {\n  display: block;\n  padding-top: 20px;\n  padding-bottom: 10px;\n  padding-right: 20px;\n  flex-direction: row;\n  align-items: center;\n  justify-content: start;\n  background: #F1F2F8;\n\/*background: linear-gradient(90deg, rgba(255,255,255,1) 0%, rgba(222,236,253,1) 100%);*\/\n  margin-top: 20px;\n  margin-bottom: 20px;\n}\n.custom-text ol li::marker {\n    color: var( --e-global-color-secondary );\n}\n.custom-text ol li,\n.custom-text ul li {\n  font-size: 16px!important;\n  margin: 0;\n  list-style:none;\n  list-style-type: square;\n  padding: 0 .2em; \/* indentation + .5em *\/\n  line-height: 1.2em; \/* default list item's `line-height` *\/\n  margin-bottom: 1em;\n  position: relative;\n  \/*color: var( --e-global-color-primary );*\/\n}\n.custom-text ol li:before,\n.custom-text ul li:before {\n    content:\"\";\n    top:0;\n    left:-20px;\n    position: absolute;\n    display: flex;\n    height: 100%;\n    \/*border-left:3px solid var( --e-global-color-primary );*\/\n}\n\n<\/style>\t\t\t\t<\/div>\n\t\t\t\t\t<\/div>\n\t\t\t\t<\/div>\n\t\t<div class=\"elementor-element elementor-element-62c3486 e-con-full e-flex e-con e-parent\" data-id=\"62c3486\" data-element_type=\"container\" data-e-type=\"container\" data-settings=\"{&quot;background_background&quot;:&quot;classic&quot;,&quot;_ha_eqh_enable&quot;:false,&quot;_ob_glider_is_slider&quot;:&quot;no&quot;,&quot;_ob_column_has_pseudo&quot;:&quot;no&quot;}\">\n\t\t\t\t<div class=\"elementor-element elementor-element-f1ae09b elementor-widget__width-inherit ob-has-background-overlay elementor-widget elementor-widget-spacer\" data-id=\"f1ae09b\" data-element_type=\"widget\" data-e-type=\"widget\" data-settings=\"{&quot;_ob_poopart_use&quot;:&quot;yes&quot;}\" data-widget_type=\"spacer.default\">\n\t\t\t\t\t\t\t<div class=\"elementor-spacer\">\n\t\t\t<div class=\"elementor-spacer-inner\"><\/div>\n\t\t<\/div>\n\t\t\t\t\t\t<\/div>\n\t\t\t\t<\/div>\n\t\t\t\t<\/div>\n\t\t","protected":false},"excerpt":{"rendered":"<p>Pol\u00edtica de privacidade Termos de Uso O envio de e-mails em massa n\u00e3o solicitados ou e-mails n\u00e3o solicitados (SPAM) direcionados a contas de e-mail utilizadas neste site \u00e9 proibido. O usu\u00e1rio n\u00e3o pode acessar o site de maneira que danifique, deteriore, inutilize ou sobrecarregue os servi\u00e7os e\/ou informa\u00e7\u00f5es oferecidas. Isen\u00e7\u00e3o de Responsabilidade O conte\u00fado disponibilizado [&hellip;]<\/p>\n","protected":false},"author":3,"featured_media":0,"parent":0,"menu_order":0,"comment_status":"closed","ping_status":"closed","template":"","meta":{"inline_featured_image":false,"footnotes":""},"class_list":["post-2696","page","type-page","status-publish","hentry"],"_links":{"self":[{"href":"https:\/\/net4food.eu\/pt-pt\/wp-json\/wp\/v2\/pages\/2696","targetHints":{"allow":["GET"]}}],"collection":[{"href":"https:\/\/net4food.eu\/pt-pt\/wp-json\/wp\/v2\/pages"}],"about":[{"href":"https:\/\/net4food.eu\/pt-pt\/wp-json\/wp\/v2\/types\/page"}],"author":[{"embeddable":true,"href":"https:\/\/net4food.eu\/pt-pt\/wp-json\/wp\/v2\/users\/3"}],"replies":[{"embeddable":true,"href":"https:\/\/net4food.eu\/pt-pt\/wp-json\/wp\/v2\/comments?post=2696"}],"version-history":[{"count":0,"href":"https:\/\/net4food.eu\/pt-pt\/wp-json\/wp\/v2\/pages\/2696\/revisions"}],"wp:attachment":[{"href":"https:\/\/net4food.eu\/pt-pt\/wp-json\/wp\/v2\/media?parent=2696"}],"curies":[{"name":"wp","href":"https:\/\/api.w.org\/{rel}","templated":true}]}}